{"id":304,"date":"2018-04-02T05:34:13","date_gmt":"2018-04-02T05:34:13","guid":{"rendered":"http:\/\/www.espacocatavento.com.br\/novosite\/?page_id=304"},"modified":"2019-01-09T22:49:01","modified_gmt":"2019-01-09T22:49:01","slug":"curriculares","status":"publish","type":"page","link":"https:\/\/www.espacocatavento.com.br\/novosite\/atividades\/curriculares\/","title":{"rendered":"Curriculares"},"content":{"rendered":"<p><div class=\"fusion-fullwidth fullwidth-box nonhundred-percent-fullwidth non-hundred-percent-height-scrolling\"  style='background-color: rgba(255,255,255,0);background-position: center center;background-repeat: no-repeat;padding-top:0px;padding-right:0px;padding-bottom:0px;padding-left:0px;'><div class=\"fusion-builder-row fusion-row \"><div  class=\"fusion-layout-column fusion_builder_column fusion_builder_column_1_2  fusion-one-half fusion-column-first 1_2\"  style='margin-top:0px;margin-bottom:20px;width:50%;width:calc(50% - ( ( 4% ) * 0.5 ) );margin-right: 4%;'>\n\t\t\t\t\t<div class=\"fusion-column-wrapper\" style=\"padding: 0px 0px 0px 0px;background-position:left top;background-repeat:no-repeat;-webkit-background-size:cover;-moz-background-size:cover;-o-background-size:cover;background-size:cover;\"  data-bg-url=\"\">\n\t\t\t\t\t\t<div class=\"fusion-title title fusion-sep-none fusion-title-size-five\" style=\"margin-top:0px;margin-bottom:20px;\"><h5 class=\"title-heading-left\">Educa\u00e7\u00e3o Infantil<\/h5><\/div><ul class=\"fusion-checklist fusion-checklist-1\" style=\"font-size:13px;line-height:22.1px;\"><li class=\"fusion-li-item\"><span style=\"height:22.1px;width:22.1px;margin-right:9.1px;\" class=\"icon-wrapper circle-no\"><i class=\"fusion-li-icon fa fa-check\" style=\"color:#30ae6c;\"><\/i><\/span><div class=\"fusion-li-item-content\" style=\"margin-left:31.2px;\">\n<p>Artes<\/p>\n<\/div><\/li><li class=\"fusion-li-item\"><span style=\"height:22.1px;width:22.1px;margin-right:9.1px;\" class=\"icon-wrapper circle-no\"><i class=\"fusion-li-icon fa fa-check\" style=\"color:#30ae6c;\"><\/i><\/span><div class=\"fusion-li-item-content\" style=\"margin-left:31.2px;\">\n<p>Capoeira<\/p>\n<\/div><\/li><li class=\"fusion-li-item\"><span style=\"height:22.1px;width:22.1px;margin-right:9.1px;\" class=\"icon-wrapper circle-no\"><i class=\"fusion-li-icon fa fa-check\" style=\"color:#30ae6c;\"><\/i><\/span><div class=\"fusion-li-item-content\" style=\"margin-left:31.2px;\">\n<p>Culin\u00e1ria<\/p>\n<\/div><\/li><li class=\"fusion-li-item\"><span style=\"height:22.1px;width:22.1px;margin-right:9.1px;\" class=\"icon-wrapper circle-no\"><i class=\"fusion-li-icon fa fa-check\" style=\"color:#30ae6c;\"><\/i><\/span><div class=\"fusion-li-item-content\" style=\"margin-left:31.2px;\">\n<p>Educa\u00e7\u00e3o Ambiental<\/p>\n<\/div><\/li><li class=\"fusion-li-item\"><span style=\"height:22.1px;width:22.1px;margin-right:9.1px;\" class=\"icon-wrapper circle-no\"><i class=\"fusion-li-icon fa fa-check\" style=\"color:#30ae6c;\"><\/i><\/span><div class=\"fusion-li-item-content\" style=\"margin-left:31.2px;\">\n<p>Inform\u00e1tica<\/p>\n<\/div><\/li><li class=\"fusion-li-item\"><span style=\"height:22.1px;width:22.1px;margin-right:9.1px;\" class=\"icon-wrapper circle-no\"><i class=\"fusion-li-icon fa fa-check\" style=\"color:#30ae6c;\"><\/i><\/span><div class=\"fusion-li-item-content\" style=\"margin-left:31.2px;\">\n<p>Mind Lab<\/p>\n<\/div><\/li><li class=\"fusion-li-item\"><span style=\"height:22.1px;width:22.1px;margin-right:9.1px;\" class=\"icon-wrapper circle-no\"><i class=\"fusion-li-icon fa fa-check\" style=\"color:#30ae6c;\"><\/i><\/span><div class=\"fusion-li-item-content\" style=\"margin-left:31.2px;\">\n<p>M\u00fasica<\/p>\n<\/div><\/li><li class=\"fusion-li-item\"><span style=\"height:22.1px;width:22.1px;margin-right:9.1px;\" class=\"icon-wrapper circle-no\"><i class=\"fusion-li-icon fa fa-check\" style=\"color:#30ae6c;\"><\/i><\/span><div class=\"fusion-li-item-content\" style=\"margin-left:31.2px;\">\n<p>Projeto Everyday English (a partir do Grupo 2)<\/p>\n<\/div><\/li><\/ul><div class=\"fusion-clearfix\"><\/div>\n\n\t\t\t\t\t<\/div>\n\t\t\t\t<\/div><div  class=\"fusion-layout-column fusion_builder_column fusion_builder_column_1_2  fusion-one-half fusion-column-last 1_2\"  style='margin-top:0px;margin-bottom:20px;width:50%;width:calc(50% - ( ( 4% ) * 0.5 ) );'>\n\t\t\t\t\t<div class=\"fusion-column-wrapper\" style=\"padding: 0px 0px 0px 0px;background-position:left top;background-repeat:no-repeat;-webkit-background-size:cover;-moz-background-size:cover;-o-background-size:cover;background-size:cover;\"  data-bg-url=\"\">\n\t\t\t\t\t\t<div class=\"fusion-title title fusion-sep-none fusion-title-size-five\" style=\"margin-top:0px;margin-bottom:20px;\"><h5 class=\"title-heading-left\">Ensino Fundamental<\/h5><\/div><ul class=\"fusion-checklist fusion-checklist-2\" style=\"font-size:13px;line-height:22.1px;\"><li class=\"fusion-li-item\"><span style=\"height:22.1px;width:22.1px;margin-right:9.1px;\" class=\"icon-wrapper circle-no\"><i class=\"fusion-li-icon fa fa-check\" style=\"color:#30ae6c;\"><\/i><\/span><div class=\"fusion-li-item-content\" style=\"margin-left:31.2px;\">\n<p>Artes<\/p>\n<\/div><\/li><li class=\"fusion-li-item\"><span style=\"height:22.1px;width:22.1px;margin-right:9.1px;\" class=\"icon-wrapper circle-no\"><i class=\"fusion-li-icon fa fa-check\" style=\"color:#30ae6c;\"><\/i><\/span><div class=\"fusion-li-item-content\" style=\"margin-left:31.2px;\">\n<p>Educa\u00e7\u00e3o Ambiental<\/p>\n<\/div><\/li><li class=\"fusion-li-item\"><span style=\"height:22.1px;width:22.1px;margin-right:9.1px;\" class=\"icon-wrapper circle-no\"><i class=\"fusion-li-icon fa fa-check\" style=\"color:#30ae6c;\"><\/i><\/span><div class=\"fusion-li-item-content\" style=\"margin-left:31.2px;\">\n<p>Educa\u00e7\u00e3o F\u00edsica<\/p>\n<\/div><\/li><li class=\"fusion-li-item\"><span style=\"height:22.1px;width:22.1px;margin-right:9.1px;\" class=\"icon-wrapper circle-no\"><i class=\"fusion-li-icon fa fa-check\" style=\"color:#30ae6c;\"><\/i><\/span><div class=\"fusion-li-item-content\" style=\"margin-left:31.2px;\">\n<p>Inform\u00e1tica<\/p>\n<\/div><\/li><li class=\"fusion-li-item\"><span style=\"height:22.1px;width:22.1px;margin-right:9.1px;\" class=\"icon-wrapper circle-no\"><i class=\"fusion-li-icon fa fa-check\" style=\"color:#30ae6c;\"><\/i><\/span><div class=\"fusion-li-item-content\" style=\"margin-left:31.2px;\">\n<p>Mind Lab<\/p>\n<\/div><\/li><li class=\"fusion-li-item\"><span style=\"height:22.1px;width:22.1px;margin-right:9.1px;\" class=\"icon-wrapper circle-no\"><i class=\"fusion-li-icon fa fa-check\" style=\"color:#30ae6c;\"><\/i><\/span><div class=\"fusion-li-item-content\" style=\"margin-left:31.2px;\">\n<p>M\u00fasica<\/p>\n<\/div><\/li><li class=\"fusion-li-item\"><span style=\"height:22.1px;width:22.1px;margin-right:9.1px;\" class=\"icon-wrapper circle-no\"><i class=\"fusion-li-icon fa fa-check\" style=\"color:#30ae6c;\"><\/i><\/span><div class=\"fusion-li-item-content\" style=\"margin-left:31.2px;\">\n<p>Projeto Everyday English<\/p>\n<\/div><\/li><li class=\"fusion-li-item\"><span style=\"height:22.1px;width:22.1px;margin-right:9.1px;\" class=\"icon-wrapper circle-no\"><i class=\"fusion-li-icon fa fa-check\" style=\"color:#30ae6c;\"><\/i><\/span><div class=\"fusion-li-item-content\" style=\"margin-left:31.2px;\">\n<p>Xadrez<\/p>\n<\/div><\/li><li class=\"fusion-li-item\"><span style=\"height:22.1px;width:22.1px;margin-right:9.1px;\" class=\"icon-wrapper circle-no\"><i class=\"fusion-li-icon fa fa-check\" style=\"color:#30ae6c;\"><\/i><\/span><div class=\"fusion-li-item-content\" style=\"margin-left:31.2px;\">\n<p>Teatro<\/p>\n<\/div><\/li><\/ul><div class=\"fusion-text\"><p>Al\u00e9m de Portugu\u00eas, Matem\u00e1tica, Ci\u00eancias, Hist\u00f3ria e Geografia.<\/p>\n<\/div><div class=\"fusion-clearfix\"><\/div>\n\n\t\t\t\t\t<\/div>\n\t\t\t\t<\/div><\/div><\/div><div class=\"fusion-fullwidth fullwidth-box nonhundred-percent-fullwidth non-hundred-percent-height-scrolling fusion-equal-height-columns\"  style='background-color: rgba(255,255,255,0);background-position: center center;background-repeat: no-repeat;padding-top:0px;padding-right:0px;padding-bottom:0px;padding-left:0px;'><div class=\"fusion-builder-row fusion-row \"><div  class=\"fusion-layout-column fusion_builder_column fusion_builder_column_1_3  fusion-one-third fusion-column-first 1_3\"  style='margin-top:0px;margin-bottom:20px;width:33.33%;width:calc(33.33% - ( ( 4% + 4% ) * 0.3333 ) );margin-right: 4%;'>\n\t\t\t\t\t<div class=\"fusion-column-wrapper\" style=\"padding: 0px 0px 0px 0px;background-position:left top;background-repeat:no-repeat;-webkit-background-size:cover;-moz-background-size:cover;-o-background-size:cover;background-size:cover;\"  data-bg-url=\"\">\n\t\t\t\t\t\t<div class=\"fusion-column-content-centered\"><div class=\"fusion-column-content\"><span style=\"-moz-box-shadow: 2px 3px 7px rgba(0,0,0,.3);-webkit-box-shadow: 2px 3px 7px rgba(0,0,0,.3);box-shadow: 2px 3px 7px rgba(0,0,0,.3);\" class=\"fusion-imageframe imageframe-dropshadow imageframe-1 hover-type-none\"><a href=\"http:\/\/www.espacocatavento.com.br\/novosite\/wp-content\/uploads\/2018\/11\/DSC00643_1.jpg\" class=\"fusion-lightbox\" data-rel=\"iLightbox[c42011d8246be76e674]\" data-title=\"DSC00643_1\" title=\"DSC00643_1\"><img loading=\"lazy\" decoding=\"async\" src=\"http:\/\/www.espacocatavento.com.br\/novosite\/wp-content\/uploads\/2018\/11\/DSC00643_1.jpg\" width=\"1200\" height=\"800\" alt=\"\" class=\"img-responsive wp-image-22956\" srcset=\"https:\/\/www.espacocatavento.com.br\/novosite\/wp-content\/uploads\/2018\/11\/DSC00643_1-200x133.jpg 200w, https:\/\/www.espacocatavento.com.br\/novosite\/wp-content\/uploads\/2018\/11\/DSC00643_1-400x267.jpg 400w, https:\/\/www.espacocatavento.com.br\/novosite\/wp-content\/uploads\/2018\/11\/DSC00643_1-600x400.jpg 600w, https:\/\/www.espacocatavento.com.br\/novosite\/wp-content\/uploads\/2018\/11\/DSC00643_1-800x533.jpg 800w, https:\/\/www.espacocatavento.com.br\/novosite\/wp-content\/uploads\/2018\/11\/DSC00643_1.jpg 1200w\" sizes=\"auto, (max-width: 800px) 100vw, 400px\" \/><\/a><\/span><\/div><\/div><div class=\"fusion-clearfix\"><\/div>\n\n\t\t\t\t\t<\/div>\n\t\t\t\t<\/div><div  class=\"fusion-layout-column fusion_builder_column fusion_builder_column_1_3  fusion-one-third 1_3\"  style='margin-top:0px;margin-bottom:20px;width:33.33%;width:calc(33.33% - ( ( 4% + 4% ) * 0.3333 ) );margin-right: 4%;'>\n\t\t\t\t\t<div class=\"fusion-column-wrapper\" style=\"padding: 0px 0px 0px 0px;background-position:left top;background-repeat:no-repeat;-webkit-background-size:cover;-moz-background-size:cover;-o-background-size:cover;background-size:cover;\"  data-bg-url=\"\">\n\t\t\t\t\t\t<div class=\"fusion-column-content-centered\"><div class=\"fusion-column-content\"><span style=\"-moz-box-shadow: 2px 3px 7px rgba(0,0,0,.3);-webkit-box-shadow: 2px 3px 7px rgba(0,0,0,.3);box-shadow: 2px 3px 7px rgba(0,0,0,.3);\" class=\"fusion-imageframe imageframe-dropshadow imageframe-2 hover-type-none\"><a href=\"http:\/\/www.espacocatavento.com.br\/novosite\/wp-content\/uploads\/2018\/10\/espaco_catavento_28.jpg\" class=\"fusion-lightbox\" data-rel=\"iLightbox[49cb0e44e2f3269f2db]\" data-title=\"Espa\u00e7o Catavento\" title=\"Espa\u00e7o Catavento\"><img loading=\"lazy\" decoding=\"async\" src=\"http:\/\/www.espacocatavento.com.br\/novosite\/wp-content\/uploads\/2018\/10\/espaco_catavento_28.jpg\" width=\"1200\" height=\"800\" alt=\"\" class=\"img-responsive wp-image-22941\" srcset=\"https:\/\/www.espacocatavento.com.br\/novosite\/wp-content\/uploads\/2018\/10\/espaco_catavento_28-200x133.jpg 200w, https:\/\/www.espacocatavento.com.br\/novosite\/wp-content\/uploads\/2018\/10\/espaco_catavento_28-400x267.jpg 400w, https:\/\/www.espacocatavento.com.br\/novosite\/wp-content\/uploads\/2018\/10\/espaco_catavento_28-600x400.jpg 600w, https:\/\/www.espacocatavento.com.br\/novosite\/wp-content\/uploads\/2018\/10\/espaco_catavento_28-800x533.jpg 800w, https:\/\/www.espacocatavento.com.br\/novosite\/wp-content\/uploads\/2018\/10\/espaco_catavento_28.jpg 1200w\" sizes=\"auto, (max-width: 800px) 100vw, 400px\" \/><\/a><\/span><\/div><\/div><div class=\"fusion-clearfix\"><\/div>\n\n\t\t\t\t\t<\/div>\n\t\t\t\t<\/div><div  class=\"fusion-layout-column fusion_builder_column fusion_builder_column_1_3  fusion-one-third fusion-column-last 1_3\"  style='margin-top:0px;margin-bottom:20px;width:33.33%;width:calc(33.33% - ( ( 4% + 4% ) * 0.3333 ) );'>\n\t\t\t\t\t<div class=\"fusion-column-wrapper\" style=\"padding: 0px 0px 0px 0px;background-position:left top;background-repeat:no-repeat;-webkit-background-size:cover;-moz-background-size:cover;-o-background-size:cover;background-size:cover;\"  data-bg-url=\"\">\n\t\t\t\t\t\t<div class=\"fusion-column-content-centered\"><div class=\"fusion-column-content\"><span style=\"-moz-box-shadow: 2px 3px 7px rgba(0,0,0,.3);-webkit-box-shadow: 2px 3px 7px rgba(0,0,0,.3);box-shadow: 2px 3px 7px rgba(0,0,0,.3);\" class=\"fusion-imageframe imageframe-dropshadow imageframe-3 hover-type-none\"><a href=\"http:\/\/www.espacocatavento.com.br\/novosite\/wp-content\/uploads\/2018\/10\/espaco_catavento_11.jpg\" class=\"fusion-lightbox\" data-rel=\"iLightbox[65ce8a4552a3261e044]\" data-title=\"Espa\u00e7o Catavento\" title=\"Espa\u00e7o Catavento\"><img loading=\"lazy\" decoding=\"async\" src=\"http:\/\/www.espacocatavento.com.br\/novosite\/wp-content\/uploads\/2018\/10\/espaco_catavento_11.jpg\" width=\"1200\" height=\"800\" alt=\"\" class=\"img-responsive wp-image-22929\" srcset=\"https:\/\/www.espacocatavento.com.br\/novosite\/wp-content\/uploads\/2018\/10\/espaco_catavento_11-200x133.jpg 200w, https:\/\/www.espacocatavento.com.br\/novosite\/wp-content\/uploads\/2018\/10\/espaco_catavento_11-400x267.jpg 400w, https:\/\/www.espacocatavento.com.br\/novosite\/wp-content\/uploads\/2018\/10\/espaco_catavento_11-600x400.jpg 600w, https:\/\/www.espacocatavento.com.br\/novosite\/wp-content\/uploads\/2018\/10\/espaco_catavento_11-800x533.jpg 800w, https:\/\/www.espacocatavento.com.br\/novosite\/wp-content\/uploads\/2018\/10\/espaco_catavento_11.jpg 1200w\" sizes=\"auto, (max-width: 800px) 100vw, 400px\" \/><\/a><\/span><\/div><\/div><div class=\"fusion-clearfix\"><\/div>\n\n\t\t\t\t\t<\/div>\n\t\t\t\t<\/div><div  class=\"fusion-layout-column fusion_builder_column fusion_builder_column_1_3  fusion-one-third fusion-column-first 1_3\"  style='margin-top:0px;margin-bottom:20px;width:33.33%;width:calc(33.33% - ( ( 4% + 4% ) * 0.3333 ) );margin-right: 4%;'>\n\t\t\t\t\t<div class=\"fusion-column-wrapper\" style=\"padding: 0px 0px 0px 0px;background-position:left top;background-repeat:no-repeat;-webkit-background-size:cover;-moz-background-size:cover;-o-background-size:cover;background-size:cover;\"  data-bg-url=\"\">\n\t\t\t\t\t\t<div class=\"fusion-column-content-centered\"><div class=\"fusion-column-content\"><span style=\"-moz-box-shadow: 2px 3px 7px rgba(0,0,0,.3);-webkit-box-shadow: 2px 3px 7px rgba(0,0,0,.3);box-shadow: 2px 3px 7px rgba(0,0,0,.3);\" class=\"fusion-imageframe imageframe-dropshadow imageframe-4 hover-type-none\"><a href=\"http:\/\/www.espacocatavento.com.br\/novosite\/wp-content\/uploads\/2018\/11\/DSC01108_1.jpg\" class=\"fusion-lightbox\" data-rel=\"iLightbox[f7cf69a04a0250b9fbf]\" data-title=\"DSC01108_1\" title=\"DSC01108_1\"><img loading=\"lazy\" decoding=\"async\" src=\"http:\/\/www.espacocatavento.com.br\/novosite\/wp-content\/uploads\/2018\/11\/DSC01108_1.jpg\" width=\"1200\" height=\"800\" alt=\"\" class=\"img-responsive wp-image-22957\" srcset=\"https:\/\/www.espacocatavento.com.br\/novosite\/wp-content\/uploads\/2018\/11\/DSC01108_1-200x133.jpg 200w, https:\/\/www.espacocatavento.com.br\/novosite\/wp-content\/uploads\/2018\/11\/DSC01108_1-400x267.jpg 400w, https:\/\/www.espacocatavento.com.br\/novosite\/wp-content\/uploads\/2018\/11\/DSC01108_1-600x400.jpg 600w, https:\/\/www.espacocatavento.com.br\/novosite\/wp-content\/uploads\/2018\/11\/DSC01108_1-800x533.jpg 800w, https:\/\/www.espacocatavento.com.br\/novosite\/wp-content\/uploads\/2018\/11\/DSC01108_1.jpg 1200w\" sizes=\"auto, (max-width: 800px) 100vw, 400px\" \/><\/a><\/span><\/div><\/div><div class=\"fusion-clearfix\"><\/div>\n\n\t\t\t\t\t<\/div>\n\t\t\t\t<\/div><div  class=\"fusion-layout-column fusion_builder_column fusion_builder_column_1_3  fusion-one-third 1_3\"  style='margin-top:0px;margin-bottom:20px;width:33.33%;width:calc(33.33% - ( ( 4% + 4% ) * 0.3333 ) );margin-right: 4%;'>\n\t\t\t\t\t<div class=\"fusion-column-wrapper\" style=\"padding: 0px 0px 0px 0px;background-position:left top;background-repeat:no-repeat;-webkit-background-size:cover;-moz-background-size:cover;-o-background-size:cover;background-size:cover;\"  data-bg-url=\"\">\n\t\t\t\t\t\t<div class=\"fusion-column-content-centered\"><div class=\"fusion-column-content\"><span style=\"-moz-box-shadow: 2px 3px 7px rgba(0,0,0,.3);-webkit-box-shadow: 2px 3px 7px rgba(0,0,0,.3);box-shadow: 2px 3px 7px rgba(0,0,0,.3);\" class=\"fusion-imageframe imageframe-dropshadow imageframe-5 hover-type-none\"><a href=\"http:\/\/www.espacocatavento.com.br\/novosite\/wp-content\/uploads\/2018\/11\/DSC03223_1.jpg\" class=\"fusion-lightbox\" data-rel=\"iLightbox[3c94d226235d4da28f0]\" data-title=\"DSC03223_1\" title=\"DSC03223_1\"><img loading=\"lazy\" decoding=\"async\" src=\"http:\/\/www.espacocatavento.com.br\/novosite\/wp-content\/uploads\/2018\/11\/DSC03223_1.jpg\" width=\"1200\" height=\"800\" alt=\"\" class=\"img-responsive wp-image-22958\" srcset=\"https:\/\/www.espacocatavento.com.br\/novosite\/wp-content\/uploads\/2018\/11\/DSC03223_1-200x133.jpg 200w, https:\/\/www.espacocatavento.com.br\/novosite\/wp-content\/uploads\/2018\/11\/DSC03223_1-400x267.jpg 400w, https:\/\/www.espacocatavento.com.br\/novosite\/wp-content\/uploads\/2018\/11\/DSC03223_1-600x400.jpg 600w, https:\/\/www.espacocatavento.com.br\/novosite\/wp-content\/uploads\/2018\/11\/DSC03223_1-800x533.jpg 800w, https:\/\/www.espacocatavento.com.br\/novosite\/wp-content\/uploads\/2018\/11\/DSC03223_1.jpg 1200w\" sizes=\"auto, (max-width: 800px) 100vw, 400px\" \/><\/a><\/span><\/div><\/div><div class=\"fusion-clearfix\"><\/div>\n\n\t\t\t\t\t<\/div>\n\t\t\t\t<\/div><div  class=\"fusion-layout-column fusion_builder_column fusion_builder_column_1_3  fusion-one-third fusion-column-last 1_3\"  style='margin-top:0px;margin-bottom:20px;width:33.33%;width:calc(33.33% - ( ( 4% + 4% ) * 0.3333 ) );'>\n\t\t\t\t\t<div class=\"fusion-column-wrapper\" style=\"padding: 0px 0px 0px 0px;background-position:left top;background-repeat:no-repeat;-webkit-background-size:cover;-moz-background-size:cover;-o-background-size:cover;background-size:cover;\"  data-bg-url=\"\">\n\t\t\t\t\t\t<div class=\"fusion-column-content-centered\"><div class=\"fusion-column-content\"><span style=\"-moz-box-shadow: 2px 3px 7px rgba(0,0,0,.3);-webkit-box-shadow: 2px 3px 7px rgba(0,0,0,.3);box-shadow: 2px 3px 7px rgba(0,0,0,.3);\" class=\"fusion-imageframe imageframe-dropshadow imageframe-6 hover-type-none\"><a href=\"http:\/\/www.espacocatavento.com.br\/novosite\/wp-content\/uploads\/2018\/11\/IMG_0281_1.jpg\" class=\"fusion-lightbox\" data-rel=\"iLightbox[b51b43b9f9e21674ec6]\" data-title=\"IMG_0281_1\" title=\"IMG_0281_1\"><img loading=\"lazy\" decoding=\"async\" src=\"http:\/\/www.espacocatavento.com.br\/novosite\/wp-content\/uploads\/2018\/11\/IMG_0281_1.jpg\" width=\"1200\" height=\"800\" alt=\"\" class=\"img-responsive wp-image-22959\" srcset=\"https:\/\/www.espacocatavento.com.br\/novosite\/wp-content\/uploads\/2018\/11\/IMG_0281_1-200x133.jpg 200w, https:\/\/www.espacocatavento.com.br\/novosite\/wp-content\/uploads\/2018\/11\/IMG_0281_1-400x267.jpg 400w, https:\/\/www.espacocatavento.com.br\/novosite\/wp-content\/uploads\/2018\/11\/IMG_0281_1-600x400.jpg 600w, https:\/\/www.espacocatavento.com.br\/novosite\/wp-content\/uploads\/2018\/11\/IMG_0281_1-800x533.jpg 800w, https:\/\/www.espacocatavento.com.br\/novosite\/wp-content\/uploads\/2018\/11\/IMG_0281_1.jpg 1200w\" sizes=\"auto, (max-width: 800px) 100vw, 400px\" \/><\/a><\/span><\/div><\/div><div class=\"fusion-clearfix\"><\/div>\n\n\t\t\t\t\t<\/div>\n\t\t\t\t<\/div><div  class=\"fusion-layout-column fusion_builder_column fusion_builder_column_1_3  fusion-one-third fusion-column-first 1_3\"  style='margin-top:0px;margin-bottom:20px;width:33.33%;width:calc(33.33% - ( ( 4% ) * 0.3333 ) );margin-right: 4%;'>\n\t\t\t\t\t<div class=\"fusion-column-wrapper\" style=\"padding: 0px 0px 0px 0px;background-position:left top;background-repeat:no-repeat;-webkit-background-size:cover;-moz-background-size:cover;-o-background-size:cover;background-size:cover;\"  data-bg-url=\"\">\n\t\t\t\t\t\t<div class=\"fusion-column-content-centered\"><div class=\"fusion-column-content\"><span style=\"-moz-box-shadow: 2px 3px 7px rgba(0,0,0,.3);-webkit-box-shadow: 2px 3px 7px rgba(0,0,0,.3);box-shadow: 2px 3px 7px rgba(0,0,0,.3);\" class=\"fusion-imageframe imageframe-dropshadow imageframe-7 hover-type-none\"><a href=\"http:\/\/www.espacocatavento.com.br\/novosite\/wp-content\/uploads\/2018\/11\/IMG-0049-2_1.jpg\" class=\"fusion-lightbox\" data-rel=\"iLightbox[6c41022c4342da69fc4]\" data-title=\"IMG-0049 (2)_1\" title=\"IMG-0049 (2)_1\"><img loading=\"lazy\" decoding=\"async\" src=\"http:\/\/www.espacocatavento.com.br\/novosite\/wp-content\/uploads\/2018\/11\/IMG-0049-2_1.jpg\" width=\"1200\" height=\"800\" alt=\"\" class=\"img-responsive wp-image-22961\" srcset=\"https:\/\/www.espacocatavento.com.br\/novosite\/wp-content\/uploads\/2018\/11\/IMG-0049-2_1-200x133.jpg 200w, https:\/\/www.espacocatavento.com.br\/novosite\/wp-content\/uploads\/2018\/11\/IMG-0049-2_1-400x267.jpg 400w, https:\/\/www.espacocatavento.com.br\/novosite\/wp-content\/uploads\/2018\/11\/IMG-0049-2_1-600x400.jpg 600w, https:\/\/www.espacocatavento.com.br\/novosite\/wp-content\/uploads\/2018\/11\/IMG-0049-2_1-800x533.jpg 800w, https:\/\/www.espacocatavento.com.br\/novosite\/wp-content\/uploads\/2018\/11\/IMG-0049-2_1.jpg 1200w\" sizes=\"auto, (max-width: 800px) 100vw, 400px\" \/><\/a><\/span><\/div><\/div><div class=\"fusion-clearfix\"><\/div>\n\n\t\t\t\t\t<\/div>\n\t\t\t\t<\/div><\/div><\/div><\/p>\n","protected":false},"excerpt":{"rendered":"","protected":false},"author":1,"featured_media":0,"parent":302,"menu_order":0,"comment_status":"closed","ping_status":"closed","template":"","meta":{"footnotes":""},"class_list":["post-304","page","type-page","status-publish","hentry"],"_links":{"self":[{"href":"https:\/\/www.espacocatavento.com.br\/novosite\/wp-json\/wp\/v2\/pages\/304","targetHints":{"allow":["GET"]}}],"collection":[{"href":"https:\/\/www.espacocatavento.com.br\/novosite\/wp-json\/wp\/v2\/pages"}],"about":[{"href":"https:\/\/www.espacocatavento.com.br\/novosite\/wp-json\/wp\/v2\/types\/page"}],"author":[{"embeddable":true,"href":"https:\/\/www.espacocatavento.com.br\/novosite\/wp-json\/wp\/v2\/users\/1"}],"replies":[{"embeddable":true,"href":"https:\/\/www.espacocatavento.com.br\/novosite\/wp-json\/wp\/v2\/comments?post=304"}],"version-history":[{"count":16,"href":"https:\/\/www.espacocatavento.com.br\/novosite\/wp-json\/wp\/v2\/pages\/304\/revisions"}],"predecessor-version":[{"id":26890,"href":"https:\/\/www.espacocatavento.com.br\/novosite\/wp-json\/wp\/v2\/pages\/304\/revisions\/26890"}],"up":[{"embeddable":true,"href":"https:\/\/www.espacocatavento.com.br\/novosite\/wp-json\/wp\/v2\/pages\/302"}],"wp:attachment":[{"href":"https:\/\/www.espacocatavento.com.br\/novosite\/wp-json\/wp\/v2\/media?parent=304"}],"curies":[{"name":"wp","href":"https:\/\/api.w.org\/{rel}","templated":true}]}}