{"id":297,"date":"2018-04-02T05:25:11","date_gmt":"2018-04-02T05:25:11","guid":{"rendered":"http:\/\/www.espacocatavento.com.br\/novosite\/?page_id=297"},"modified":"2019-01-02T15:24:49","modified_gmt":"2019-01-02T15:24:49","slug":"fundamental","status":"publish","type":"page","link":"https:\/\/www.espacocatavento.com.br\/novosite\/etapas\/fundamental\/","title":{"rendered":"Fundamental"},"content":{"rendered":"<p><div class=\"fusion-fullwidth fullwidth-box nonhundred-percent-fullwidth non-hundred-percent-height-scrolling\"  style='background-color: rgba(255,255,255,0);background-position: center center;background-repeat: no-repeat;padding-top:0px;padding-right:0px;padding-bottom:0px;padding-left:0px;'><div class=\"fusion-builder-row fusion-row \"><div  class=\"fusion-layout-column fusion_builder_column fusion_builder_column_2_3  fusion-two-third fusion-column-first 2_3\"  style='margin-top:0px;margin-bottom:0px;width:66.66%;width:calc(66.66% - ( ( 4% ) * 0.6666 ) );margin-right: 4%;'>\n\t\t\t\t\t<div class=\"fusion-column-wrapper\" style=\"padding: 0px 0px 0px 0px;background-position:left top;background-repeat:no-repeat;-webkit-background-size:cover;-moz-background-size:cover;-o-background-size:cover;background-size:cover;\"  data-bg-url=\"\">\n\t\t\t\t\t\t<div class=\"fusion-column-content-centered\"><div class=\"fusion-column-content\"><div class=\"fusion-title title fusion-sep-none fusion-title-size-five\" style=\"margin-top:0px;margin-bottom:20px;\"><h5 class=\"title-heading-left\"><span style=\"color: #30af6c;\">Ensino Fundamental \/ 1\u00ba ao 5\u00ba ano<\/span><\/h5><\/div><div class=\"fusion-text\"><p>Estruturado segundo a <span style=\"color: #30af6c;\">BASE NACIONAL CURRICULAR COMUM<\/span>, o Ensino Fundamental I d\u00e1 continuidade \u00e0 constru\u00e7\u00e3o iniciada na Educa\u00e7\u00e3o Infantil.<\/p>\n<p>As salas promovem a experimenta\u00e7\u00e3o concreta para a aquisi\u00e7\u00e3o do conhecimento, a partir dos componentes curriculares. S\u00e3o elencadas unidades tem\u00e1ticas, que desenvolvem importantes habilidades, com aprofundamento nos conte\u00fados correspondentes a cada ano do ciclo, sempre organizados a partir da pedagogia de projetos.<\/p>\n<\/div><\/div><\/div><div class=\"fusion-clearfix\"><\/div>\n\n\t\t\t\t\t<\/div>\n\t\t\t\t<\/div><div  class=\"fusion-layout-column fusion_builder_column fusion_builder_column_1_3  fusion-one-third fusion-column-last 1_3\"  style='margin-top:0px;margin-bottom:0px;width:33.33%;width:calc(33.33% - ( ( 4% ) * 0.3333 ) );'>\n\t\t\t\t\t<div class=\"fusion-column-wrapper\" style=\"padding: 0px 0px 0px 0px;background-position:left top;background-repeat:no-repeat;-webkit-background-size:cover;-moz-background-size:cover;-o-background-size:cover;background-size:cover;\"  data-bg-url=\"\">\n\t\t\t\t\t\t<div class=\"fusion-column-content-centered\"><div class=\"fusion-column-content\"><span class=\"fusion-imageframe imageframe-none imageframe-1 hover-type-none\"><a href=\"http:\/\/www.espacocatavento.com.br\/novosite\/wp-content\/uploads\/2018\/10\/espaco_catavento_09.jpg\" class=\"fusion-lightbox\" data-rel=\"iLightbox[4717c7f0b010c2f0743]\" data-title=\"Espa\u00e7o Catavento\" title=\"Espa\u00e7o Catavento\"><img loading=\"lazy\" decoding=\"async\" src=\"http:\/\/www.espacocatavento.com.br\/novosite\/wp-content\/uploads\/2018\/10\/espaco_catavento_09.jpg\" width=\"1200\" height=\"800\" alt=\"\" class=\"img-responsive wp-image-22928\" srcset=\"https:\/\/www.espacocatavento.com.br\/novosite\/wp-content\/uploads\/2018\/10\/espaco_catavento_09-200x133.jpg 200w, https:\/\/www.espacocatavento.com.br\/novosite\/wp-content\/uploads\/2018\/10\/espaco_catavento_09-400x267.jpg 400w, https:\/\/www.espacocatavento.com.br\/novosite\/wp-content\/uploads\/2018\/10\/espaco_catavento_09-600x400.jpg 600w, https:\/\/www.espacocatavento.com.br\/novosite\/wp-content\/uploads\/2018\/10\/espaco_catavento_09-800x533.jpg 800w, https:\/\/www.espacocatavento.com.br\/novosite\/wp-content\/uploads\/2018\/10\/espaco_catavento_09.jpg 1200w\" sizes=\"auto, (max-width: 800px) 100vw, 400px\" \/><\/a><\/span><\/div><\/div><div class=\"fusion-clearfix\"><\/div>\n\n\t\t\t\t\t<\/div>\n\t\t\t\t<\/div><div  class=\"fusion-layout-column fusion_builder_column fusion_builder_column_1_1  fusion-one-full fusion-column-first fusion-column-last 1_1\"  style='margin-top:0px;margin-bottom:20px;'>\n\t\t\t\t\t<div class=\"fusion-column-wrapper\" style=\"padding: 0px 0px 0px 0px;background-position:left top;background-repeat:no-repeat;-webkit-background-size:cover;-moz-background-size:cover;-o-background-size:cover;background-size:cover;\"  data-bg-url=\"\">\n\t\t\t\t\t\t<div class=\"fusion-title title fusion-sep-none fusion-title-size-five\" style=\"margin-top:0px;margin-bottom:20px;\"><h5 class=\"title-heading-left\"><span style=\"color: #30af6c;\">Tudo alinhado a um planejamento.<\/span><\/h5><\/div><div class=\"fusion-text\"><p>A autonomia de pensamento e a\u00e7\u00f5es, a responsabilidade e a criatividade s\u00e3o pilares do planejamento neste segmento.<\/p>\n<p>Por isso, assembleias peri\u00f3dicas com alunos e equipe, tratam de todas as quest\u00f5es positivas e negativas que perpassam o ambiente escolar, tornando presentes o exerc\u00edcio de \u00e9tica e cidadania.<\/p>\n<h5><span class=\"horario\" style=\"color: #30af6c;\">Op\u00e7\u00f5es de Hor\u00e1rios:<\/span><\/h5>\n<p><span style=\"color: #30af6c;\"><strong><span class=\"horario\">Parcial:<\/span><\/strong><\/span>\u00a0de 13h \u00e0s 17:50h<br \/>\n<span style=\"color: #30af6c;\"><strong><span class=\"horario\">Integral:<\/span><\/strong><\/span>\u00a0de 9h \u00e0s 17:50h<\/p>\n<\/div><div class=\"fusion-clearfix\"><\/div>\n\n\t\t\t\t\t<\/div>\n\t\t\t\t<\/div><\/div><\/div><div class=\"fusion-fullwidth fullwidth-box nonhundred-percent-fullwidth non-hundred-percent-height-scrolling fusion-equal-height-columns\"  style='background-color: rgba(255,255,255,0);background-position: center center;background-repeat: no-repeat;padding-top:0px;padding-right:0px;padding-bottom:0px;padding-left:0px;'><div class=\"fusion-builder-row fusion-row \"><div  class=\"fusion-layout-column fusion_builder_column fusion_builder_column_1_2  fusion-one-half fusion-column-first 1_2\"  style='margin-top:0px;margin-bottom:20px;width:50%;width:calc(50% - ( ( 4% ) * 0.5 ) );margin-right: 4%;'>\n\t\t\t\t\t<div class=\"fusion-column-wrapper\" style=\"padding: 0px 0px 0px 0px;background-position:left top;background-repeat:no-repeat;-webkit-background-size:cover;-moz-background-size:cover;-o-background-size:cover;background-size:cover;\"  data-bg-url=\"\">\n\t\t\t\t\t\t<div class=\"fusion-column-content-centered\"><div class=\"fusion-column-content\"><span class=\"fusion-imageframe imageframe-none imageframe-2 hover-type-none\"><a href=\"http:\/\/www.espacocatavento.com.br\/novosite\/wp-content\/uploads\/2018\/11\/DSC00154_1.jpg\" class=\"fusion-lightbox\" data-rel=\"iLightbox[894323e4cf78172cb88]\" data-title=\"Espa\u00e7o Catavento\" title=\"Espa\u00e7o Catavento\"><img loading=\"lazy\" decoding=\"async\" src=\"http:\/\/www.espacocatavento.com.br\/novosite\/wp-content\/uploads\/2018\/11\/DSC00154_1.jpg\" width=\"1200\" height=\"800\" alt=\"\" class=\"img-responsive wp-image-22973\" srcset=\"https:\/\/www.espacocatavento.com.br\/novosite\/wp-content\/uploads\/2018\/11\/DSC00154_1-200x133.jpg 200w, https:\/\/www.espacocatavento.com.br\/novosite\/wp-content\/uploads\/2018\/11\/DSC00154_1-400x267.jpg 400w, https:\/\/www.espacocatavento.com.br\/novosite\/wp-content\/uploads\/2018\/11\/DSC00154_1-600x400.jpg 600w, https:\/\/www.espacocatavento.com.br\/novosite\/wp-content\/uploads\/2018\/11\/DSC00154_1-800x533.jpg 800w, https:\/\/www.espacocatavento.com.br\/novosite\/wp-content\/uploads\/2018\/11\/DSC00154_1.jpg 1200w\" sizes=\"auto, (max-width: 800px) 100vw, 600px\" \/><\/a><\/span><\/div><\/div><div class=\"fusion-clearfix\"><\/div>\n\n\t\t\t\t\t<\/div>\n\t\t\t\t<\/div><div  class=\"fusion-layout-column fusion_builder_column fusion_builder_column_1_2  fusion-one-half fusion-column-last 1_2\"  style='margin-top:0px;margin-bottom:20px;width:50%;width:calc(50% - ( ( 4% ) * 0.5 ) );'>\n\t\t\t\t\t<div class=\"fusion-column-wrapper\" style=\"padding: 0px 0px 0px 0px;background-position:left top;background-repeat:no-repeat;-webkit-background-size:cover;-moz-background-size:cover;-o-background-size:cover;background-size:cover;\"  data-bg-url=\"\">\n\t\t\t\t\t\t<div class=\"fusion-column-content-centered\"><div class=\"fusion-column-content\"><span class=\"fusion-imageframe imageframe-none imageframe-3 hover-type-none\"><a href=\"http:\/\/www.espacocatavento.com.br\/novosite\/wp-content\/uploads\/2018\/10\/espaco_catavento_22.jpg\" class=\"fusion-lightbox\" data-rel=\"iLightbox[bd29841d83b9d7d5764]\" data-title=\"Espa\u00e7o Catavento\" title=\"Espa\u00e7o Catavento\"><img loading=\"lazy\" decoding=\"async\" src=\"http:\/\/www.espacocatavento.com.br\/novosite\/wp-content\/uploads\/2018\/10\/espaco_catavento_22.jpg\" width=\"1200\" height=\"800\" alt=\"\" class=\"img-responsive wp-image-22936\" srcset=\"https:\/\/www.espacocatavento.com.br\/novosite\/wp-content\/uploads\/2018\/10\/espaco_catavento_22-200x133.jpg 200w, https:\/\/www.espacocatavento.com.br\/novosite\/wp-content\/uploads\/2018\/10\/espaco_catavento_22-400x267.jpg 400w, https:\/\/www.espacocatavento.com.br\/novosite\/wp-content\/uploads\/2018\/10\/espaco_catavento_22-600x400.jpg 600w, https:\/\/www.espacocatavento.com.br\/novosite\/wp-content\/uploads\/2018\/10\/espaco_catavento_22-800x533.jpg 800w, https:\/\/www.espacocatavento.com.br\/novosite\/wp-content\/uploads\/2018\/10\/espaco_catavento_22.jpg 1200w\" sizes=\"auto, (max-width: 800px) 100vw, 600px\" \/><\/a><\/span><\/div><\/div><div class=\"fusion-clearfix\"><\/div>\n\n\t\t\t\t\t<\/div>\n\t\t\t\t<\/div><\/div><\/div><div class=\"fusion-fullwidth fullwidth-box nonhundred-percent-fullwidth non-hundred-percent-height-scrolling\"  style='background-color: rgba(255,255,255,0);background-position: center center;background-repeat: no-repeat;padding-top:0px;padding-right:0px;padding-bottom:0px;padding-left:0px;'><div class=\"fusion-builder-row fusion-row \"><div  class=\"fusion-layout-column fusion_builder_column fusion_builder_column_1_1  fusion-one-full fusion-column-first fusion-column-last 1_1\"  style='margin-top:0px;margin-bottom:20px;'>\n\t\t\t\t\t<div class=\"fusion-column-wrapper\" style=\"padding: 0px 0px 0px 0px;background-position:left top;background-repeat:no-repeat;-webkit-background-size:cover;-moz-background-size:cover;-o-background-size:cover;background-size:cover;\"  data-bg-url=\"\">\n\t\t\t\t\t\t<div class=\"fusion-title title fusion-sep-none fusion-title-center fusion-title-size-five\" style=\"margin-top:0px;margin-bottom:20px;\"><h5 class=\"title-heading-center\"><span style=\"color: #30af6c;\">\u201cPor isso, assembleias peri\u00f3dicas com alunos e equipe, tratam de todas as quest\u00f5es positivas e negativas que perpassam o ambiente escolar, tornando presentes o exerc\u00edcio de \u00e9tica e cidadania.\u201d<\/span><\/h5><\/div><div class=\"fusion-clearfix\"><\/div>\n\n\t\t\t\t\t<\/div>\n\t\t\t\t<\/div><\/div><\/div><\/p>\n","protected":false},"excerpt":{"rendered":"","protected":false},"author":1,"featured_media":0,"parent":281,"menu_order":0,"comment_status":"closed","ping_status":"closed","template":"","meta":{"footnotes":""},"class_list":["post-297","page","type-page","status-publish","hentry"],"_links":{"self":[{"href":"https:\/\/www.espacocatavento.com.br\/novosite\/wp-json\/wp\/v2\/pages\/297","targetHints":{"allow":["GET"]}}],"collection":[{"href":"https:\/\/www.espacocatavento.com.br\/novosite\/wp-json\/wp\/v2\/pages"}],"about":[{"href":"https:\/\/www.espacocatavento.com.br\/novosite\/wp-json\/wp\/v2\/types\/page"}],"author":[{"embeddable":true,"href":"https:\/\/www.espacocatavento.com.br\/novosite\/wp-json\/wp\/v2\/users\/1"}],"replies":[{"embeddable":true,"href":"https:\/\/www.espacocatavento.com.br\/novosite\/wp-json\/wp\/v2\/comments?post=297"}],"version-history":[{"count":12,"href":"https:\/\/www.espacocatavento.com.br\/novosite\/wp-json\/wp\/v2\/pages\/297\/revisions"}],"predecessor-version":[{"id":23037,"href":"https:\/\/www.espacocatavento.com.br\/novosite\/wp-json\/wp\/v2\/pages\/297\/revisions\/23037"}],"up":[{"embeddable":true,"href":"https:\/\/www.espacocatavento.com.br\/novosite\/wp-json\/wp\/v2\/pages\/281"}],"wp:attachment":[{"href":"https:\/\/www.espacocatavento.com.br\/novosite\/wp-json\/wp\/v2\/media?parent=297"}],"curies":[{"name":"wp","href":"https:\/\/api.w.org\/{rel}","templated":true}]}}