{"id":290,"date":"2018-04-02T05:15:23","date_gmt":"2018-04-02T05:15:23","guid":{"rendered":"http:\/\/www.espacocatavento.com.br\/novosite\/?page_id=290"},"modified":"2019-01-02T15:24:07","modified_gmt":"2019-01-02T15:24:07","slug":"infantil","status":"publish","type":"page","link":"https:\/\/www.espacocatavento.com.br\/novosite\/etapas\/infantil\/","title":{"rendered":"Infantil"},"content":{"rendered":"<p><div class=\"fusion-fullwidth fullwidth-box nonhundred-percent-fullwidth non-hundred-percent-height-scrolling\"  style='background-color: rgba(255,255,255,0);background-position: center center;background-repeat: no-repeat;padding-top:0px;padding-right:0px;padding-bottom:0px;padding-left:0px;'><div class=\"fusion-builder-row fusion-row \"><div  class=\"fusion-layout-column fusion_builder_column fusion_builder_column_2_3  fusion-two-third fusion-column-first 2_3\"  style='margin-top:0px;margin-bottom:0px;width:66.66%;width:calc(66.66% - ( ( 4% ) * 0.6666 ) );margin-right: 4%;'>\n\t\t\t\t\t<div class=\"fusion-column-wrapper\" style=\"padding: 0px 0px 0px 0px;background-position:left top;background-repeat:no-repeat;-webkit-background-size:cover;-moz-background-size:cover;-o-background-size:cover;background-size:cover;\"  data-bg-url=\"\">\n\t\t\t\t\t\t<div class=\"fusion-column-content-centered\"><div class=\"fusion-column-content\"><div class=\"fusion-text\"><p>A Educa\u00e7\u00e3o Infantil, de 02 a 5 anos e 11 meses, proporciona \u00e0 crian\u00e7a a observa\u00e7\u00e3o e a explora\u00e7\u00e3o ativa. A atitude de curiosidade leva o aluno a perceber-se, progressivamente, como integrante e agente transformador do meio ambiente.<\/p>\n<p>Salas amplas, \u00e1rea verde com 7000m\u00b2 e profissionais qualificados, contribuem para que os objetivos de aprendizagem e desenvolvimento aconte\u00e7am de forma estimulante e prazerosa. A avalia\u00e7\u00e3o \u00e9 processual, a partir das experi\u00eancias e intera\u00e7\u00f5es promovidas no trabalho di\u00e1rio com cada crian\u00e7a.<\/p>\n<\/div><\/div><\/div><div class=\"fusion-clearfix\"><\/div>\n\n\t\t\t\t\t<\/div>\n\t\t\t\t<\/div><div  class=\"fusion-layout-column fusion_builder_column fusion_builder_column_1_3  fusion-one-third fusion-column-last 1_3\"  style='margin-top:0px;margin-bottom:0px;width:33.33%;width:calc(33.33% - ( ( 4% ) * 0.3333 ) );'>\n\t\t\t\t\t<div class=\"fusion-column-wrapper\" style=\"padding: 0px 0px 0px 0px;background-position:left top;background-repeat:no-repeat;-webkit-background-size:cover;-moz-background-size:cover;-o-background-size:cover;background-size:cover;\"  data-bg-url=\"\">\n\t\t\t\t\t\t<div class=\"fusion-column-content-centered\"><div class=\"fusion-column-content\"><span class=\"fusion-imageframe imageframe-none imageframe-1 hover-type-none\"><a href=\"http:\/\/www.espacocatavento.com.br\/novosite\/wp-content\/uploads\/2018\/11\/2018.09.14_catavento_077.jpg\" class=\"fusion-lightbox\" data-rel=\"iLightbox[b288e831eaa6da65e5e]\" data-title=\"Espa\u00e7o Catavento\" title=\"Espa\u00e7o Catavento\"><img loading=\"lazy\" decoding=\"async\" src=\"http:\/\/www.espacocatavento.com.br\/novosite\/wp-content\/uploads\/2018\/11\/2018.09.14_catavento_077.jpg\" width=\"1200\" height=\"801\" alt=\"\" class=\"img-responsive wp-image-22967\" srcset=\"https:\/\/www.espacocatavento.com.br\/novosite\/wp-content\/uploads\/2018\/11\/2018.09.14_catavento_077-200x134.jpg 200w, https:\/\/www.espacocatavento.com.br\/novosite\/wp-content\/uploads\/2018\/11\/2018.09.14_catavento_077-400x267.jpg 400w, https:\/\/www.espacocatavento.com.br\/novosite\/wp-content\/uploads\/2018\/11\/2018.09.14_catavento_077-600x401.jpg 600w, https:\/\/www.espacocatavento.com.br\/novosite\/wp-content\/uploads\/2018\/11\/2018.09.14_catavento_077-800x534.jpg 800w, https:\/\/www.espacocatavento.com.br\/novosite\/wp-content\/uploads\/2018\/11\/2018.09.14_catavento_077.jpg 1200w\" sizes=\"auto, (max-width: 800px) 100vw, 400px\" \/><\/a><\/span><\/div><\/div><div class=\"fusion-clearfix\"><\/div>\n\n\t\t\t\t\t<\/div>\n\t\t\t\t<\/div><div  class=\"fusion-layout-column fusion_builder_column fusion_builder_column_1_1  fusion-one-full fusion-column-first fusion-column-last 1_1\"  style='margin-top:0px;margin-bottom:20px;'>\n\t\t\t\t\t<div class=\"fusion-column-wrapper\" style=\"padding: 0px 0px 0px 0px;background-position:left top;background-repeat:no-repeat;-webkit-background-size:cover;-moz-background-size:cover;-o-background-size:cover;background-size:cover;\"  data-bg-url=\"\">\n\t\t\t\t\t\t<div class=\"fusion-text\"><p><span style=\"color: #30af6c;\">Os objetivos de aprendizagem<\/span> s\u00e3o esclarecidos por interm\u00e9dio de portf\u00f3lios individuais com sele\u00e7\u00e3o de trabalhos e coment\u00e1rios do educador sobre as atividades realizadas pelas crian\u00e7as, al\u00e9m de relat\u00f3rios semestrais que sinalizam as aquisi\u00e7\u00f5es e necessidades da crian\u00e7a, em cada etapa de desenvolvimento.<\/p>\n<p>Revelam-se, dessa forma, os aprendizados mais significativos do percurso de crescimento em sua singularidade.<\/p>\n<\/div><div class=\"fusion-title title fusion-sep-none fusion-title-size-five\" style=\"margin-top:0px;margin-bottom:20px;\"><h5 class=\"title-heading-left\"><span style=\"color: #30af6c;\">Op\u00e7\u00f5es de Hor\u00e1rios<\/span><\/h5><\/div><div class=\"fusion-text\"><p><span style=\"color: #30af6c;\"><strong><span class=\"horario\">Educa\u00e7\u00e3o Infantil:<\/span><\/strong><\/span>\u00a04 horas \/ dia<br \/>\n<span style=\"color: #30af6c;\"><strong><span class=\"horario\">Parcial:<\/span><\/strong><\/span>\u00a06 horas \/ dia<br \/>\n<span style=\"color: #30af6c;\"><strong><span class=\"horario\">Integral 1:<\/span><\/strong><\/span>\u00a09 horas \/ dia<br \/>\n<span style=\"color: #30af6c;\"><strong><span class=\"horario\">Integral 2:<\/span><\/strong><\/span>\u00a012 horas \/ dia<\/p>\n<\/div><div class=\"fusion-clearfix\"><\/div>\n\n\t\t\t\t\t<\/div>\n\t\t\t\t<\/div><\/div><\/div><div class=\"fusion-fullwidth fullwidth-box nonhundred-percent-fullwidth non-hundred-percent-height-scrolling\"  style='background-color: rgba(255,255,255,0);background-position: center center;background-repeat: no-repeat;padding-top:0px;padding-right:0px;padding-bottom:0px;padding-left:0px;'><div class=\"fusion-builder-row fusion-row \"><div  class=\"fusion-layout-column fusion_builder_column fusion_builder_column_1_2  fusion-one-half fusion-column-first 1_2\"  style='margin-top:0px;margin-bottom:20px;width:50%;width:calc(50% - ( ( 4% ) * 0.5 ) );margin-right: 4%;'>\n\t\t\t\t\t<div class=\"fusion-column-wrapper\" style=\"padding: 0px 0px 0px 0px;background-position:left top;background-repeat:no-repeat;-webkit-background-size:cover;-moz-background-size:cover;-o-background-size:cover;background-size:cover;\"  data-bg-url=\"\">\n\t\t\t\t\t\t<div class=\"fusion-column-content-centered\"><div class=\"fusion-column-content\"><span class=\"fusion-imageframe imageframe-none imageframe-2 hover-type-none\"><a href=\"http:\/\/www.espacocatavento.com.br\/novosite\/wp-content\/uploads\/2018\/11\/DSC00213_1.jpg\" class=\"fusion-lightbox\" data-rel=\"iLightbox[8fea71edd59b76aadba]\" data-title=\"Espa\u00e7o Catavento\" title=\"Espa\u00e7o Catavento\"><img loading=\"lazy\" decoding=\"async\" src=\"http:\/\/www.espacocatavento.com.br\/novosite\/wp-content\/uploads\/2018\/11\/DSC00213_1.jpg\" width=\"1200\" height=\"800\" alt=\"\" class=\"img-responsive wp-image-22968\" srcset=\"https:\/\/www.espacocatavento.com.br\/novosite\/wp-content\/uploads\/2018\/11\/DSC00213_1-200x133.jpg 200w, https:\/\/www.espacocatavento.com.br\/novosite\/wp-content\/uploads\/2018\/11\/DSC00213_1-400x267.jpg 400w, https:\/\/www.espacocatavento.com.br\/novosite\/wp-content\/uploads\/2018\/11\/DSC00213_1-600x400.jpg 600w, https:\/\/www.espacocatavento.com.br\/novosite\/wp-content\/uploads\/2018\/11\/DSC00213_1-800x533.jpg 800w, https:\/\/www.espacocatavento.com.br\/novosite\/wp-content\/uploads\/2018\/11\/DSC00213_1.jpg 1200w\" sizes=\"auto, (max-width: 800px) 100vw, 600px\" \/><\/a><\/span><\/div><\/div><div class=\"fusion-clearfix\"><\/div>\n\n\t\t\t\t\t<\/div>\n\t\t\t\t<\/div><div  class=\"fusion-layout-column fusion_builder_column fusion_builder_column_1_2  fusion-one-half fusion-column-last 1_2\"  style='margin-top:0px;margin-bottom:20px;width:50%;width:calc(50% - ( ( 4% ) * 0.5 ) );'>\n\t\t\t\t\t<div class=\"fusion-column-wrapper\" style=\"padding: 0px 0px 0px 0px;background-position:left top;background-repeat:no-repeat;-webkit-background-size:cover;-moz-background-size:cover;-o-background-size:cover;background-size:cover;\"  data-bg-url=\"\">\n\t\t\t\t\t\t<div class=\"fusion-column-content-centered\"><div class=\"fusion-column-content\"><span class=\"fusion-imageframe imageframe-none imageframe-3 hover-type-none\"><a href=\"http:\/\/www.espacocatavento.com.br\/novosite\/wp-content\/uploads\/2018\/10\/espaco_catavento_10.jpg\" class=\"fusion-lightbox\" data-rel=\"iLightbox[9a36de35485494bc5cf]\" data-title=\"Espa\u00e7o Catavento\" title=\"Espa\u00e7o Catavento\"><img loading=\"lazy\" decoding=\"async\" src=\"http:\/\/www.espacocatavento.com.br\/novosite\/wp-content\/uploads\/2018\/10\/espaco_catavento_10.jpg\" width=\"1200\" height=\"800\" alt=\"\" class=\"img-responsive wp-image-22927\" srcset=\"https:\/\/www.espacocatavento.com.br\/novosite\/wp-content\/uploads\/2018\/10\/espaco_catavento_10-200x133.jpg 200w, https:\/\/www.espacocatavento.com.br\/novosite\/wp-content\/uploads\/2018\/10\/espaco_catavento_10-400x267.jpg 400w, https:\/\/www.espacocatavento.com.br\/novosite\/wp-content\/uploads\/2018\/10\/espaco_catavento_10-600x400.jpg 600w, https:\/\/www.espacocatavento.com.br\/novosite\/wp-content\/uploads\/2018\/10\/espaco_catavento_10-800x533.jpg 800w, https:\/\/www.espacocatavento.com.br\/novosite\/wp-content\/uploads\/2018\/10\/espaco_catavento_10.jpg 1200w\" sizes=\"auto, (max-width: 800px) 100vw, 600px\" \/><\/a><\/span><\/div><\/div><div class=\"fusion-clearfix\"><\/div>\n\n\t\t\t\t\t<\/div>\n\t\t\t\t<\/div><\/div><\/div><div class=\"fusion-fullwidth fullwidth-box nonhundred-percent-fullwidth non-hundred-percent-height-scrolling\"  style='background-color: rgba(255,255,255,0);background-position: center center;background-repeat: no-repeat;padding-top:0px;padding-right:0px;padding-bottom:0px;padding-left:0px;'><div class=\"fusion-builder-row fusion-row \"><div  class=\"fusion-layout-column fusion_builder_column fusion_builder_column_1_1  fusion-one-full fusion-column-first fusion-column-last 1_1\"  style='margin-top:0px;margin-bottom:20px;'>\n\t\t\t\t\t<div class=\"fusion-column-wrapper\" style=\"padding: 0px 0px 0px 0px;background-position:left top;background-repeat:no-repeat;-webkit-background-size:cover;-moz-background-size:cover;-o-background-size:cover;background-size:cover;\"  data-bg-url=\"\">\n\t\t\t\t\t\t<div class=\"fusion-title title fusion-sep-none fusion-title-center fusion-title-size-five\" style=\"margin-top:0px;margin-bottom:20px;\"><h5 class=\"title-heading-center\"><span style=\"color: #30af6c;\">\u201cOs objetivos de aprendizagem s\u00e3o esclarecidos por interm\u00e9dio de portf\u00f3lios individuais, com sele\u00e7\u00e3o de trabalhos e coment\u00e1rios do educador sobre as atividades realizadas pelas crian\u00e7as, al\u00e9m de relat\u00f3rios semestrais que sinalizam as aquisi\u00e7\u00f5es e necessidades da crian\u00e7a, em cada etapa de desenvolvimento.\u201d<\/span><\/h5><\/div><div class=\"fusion-clearfix\"><\/div>\n\n\t\t\t\t\t<\/div>\n\t\t\t\t<\/div><\/div><\/div><\/p>\n","protected":false},"excerpt":{"rendered":"","protected":false},"author":1,"featured_media":0,"parent":281,"menu_order":0,"comment_status":"closed","ping_status":"closed","template":"","meta":{"footnotes":""},"class_list":["post-290","page","type-page","status-publish","hentry"],"_links":{"self":[{"href":"https:\/\/www.espacocatavento.com.br\/novosite\/wp-json\/wp\/v2\/pages\/290","targetHints":{"allow":["GET"]}}],"collection":[{"href":"https:\/\/www.espacocatavento.com.br\/novosite\/wp-json\/wp\/v2\/pages"}],"about":[{"href":"https:\/\/www.espacocatavento.com.br\/novosite\/wp-json\/wp\/v2\/types\/page"}],"author":[{"embeddable":true,"href":"https:\/\/www.espacocatavento.com.br\/novosite\/wp-json\/wp\/v2\/users\/1"}],"replies":[{"embeddable":true,"href":"https:\/\/www.espacocatavento.com.br\/novosite\/wp-json\/wp\/v2\/comments?post=290"}],"version-history":[{"count":13,"href":"https:\/\/www.espacocatavento.com.br\/novosite\/wp-json\/wp\/v2\/pages\/290\/revisions"}],"predecessor-version":[{"id":23036,"href":"https:\/\/www.espacocatavento.com.br\/novosite\/wp-json\/wp\/v2\/pages\/290\/revisions\/23036"}],"up":[{"embeddable":true,"href":"https:\/\/www.espacocatavento.com.br\/novosite\/wp-json\/wp\/v2\/pages\/281"}],"wp:attachment":[{"href":"https:\/\/www.espacocatavento.com.br\/novosite\/wp-json\/wp\/v2\/media?parent=290"}],"curies":[{"name":"wp","href":"https:\/\/api.w.org\/{rel}","templated":true}]}}