{"id":267,"date":"2018-04-02T04:06:39","date_gmt":"2018-04-02T04:06:39","guid":{"rendered":"http:\/\/www.espacocatavento.com.br\/novosite\/?page_id=267"},"modified":"2019-01-07T04:48:04","modified_gmt":"2019-01-07T04:48:04","slug":"infraestrutura","status":"publish","type":"page","link":"https:\/\/www.espacocatavento.com.br\/novosite\/institucional\/infraestrutura\/","title":{"rendered":"Infraestrutura"},"content":{"rendered":"<p><div class=\"fusion-fullwidth fullwidth-box nonhundred-percent-fullwidth non-hundred-percent-height-scrolling\"  style='background-color: rgba(255,255,255,0);background-position: center center;background-repeat: no-repeat;padding-top:0px;padding-right:0px;padding-bottom:0px;padding-left:0px;'><div class=\"fusion-builder-row fusion-row \"><div  class=\"fusion-layout-column fusion_builder_column fusion_builder_column_1_1  fusion-one-full fusion-column-first fusion-column-last 1_1\"  style='margin-top:0px;margin-bottom:20px;'>\n\t\t\t\t\t<div class=\"fusion-column-wrapper\" style=\"padding: 0px 0px 0px 0px;background-position:left top;background-repeat:no-repeat;-webkit-background-size:cover;-moz-background-size:cover;-o-background-size:cover;background-size:cover;\"  data-bg-url=\"\">\n\t\t\t\t\t\t<div class=\"fusion-text\"><p>Instalada em <span style=\"color: #30af6c;\">7000m\u00b2 de \u00e1rea verde<\/span>, com \u00e1rvores frut\u00edferas para consumo, flores e hortali\u00e7as, a Catavento tem salas amplas e integradas ao espa\u00e7o externo, facilitando a explora\u00e7\u00e3o concreta do meio ambiente pela crian\u00e7a. No Ensino Fundamental todas as salas possuem lousas digitais interativas, tornando as pesquisas mais din\u00e2micas e significativas.<\/p>\n<p>Uma quadra poliesportiva coberta, capta\u00e7\u00e3o de \u00e1gua de chuva, um campo aberto com brinquedos para recrea\u00e7\u00e3o ao ar livre, al\u00e9m de \u00e1rvores para escalada, comp\u00f5em a \u00e1rea de lazer voltada ao contato com a natureza e ao desenvolvimento da psicomotricidade.<\/p>\n<p>A <span style=\"color: #30af6c;\">CATAVENTO<\/span> tamb\u00e9m tem salas de leitura, de m\u00fasica, de movimento e hortas cultivadas pelos alunos nos tempos de Educa\u00e7\u00e3o Ambiental. O refeit\u00f3rio, est\u00e1 aparelhado com buffet e m\u00fasica ambiente para a constru\u00e7\u00e3o de autonomia e de bons h\u00e1bitos alimentares, com cubas preparadas para desenvolver consci\u00eancia de utiliza\u00e7\u00e3o de \u00e1gua e res\u00edduos org\u00e2nicos e inorg\u00e2nicos e com instrumentos para as aulas de culin\u00e1ria. Na cozinha, refrigerada para garantir o bem-estar de nossas profissionais, s\u00e3o elaboradas todas as refei\u00e7\u00f5es.<\/p>\n<\/div><div class=\"fusion-title title fusion-sep-none fusion-title-size-five\" style=\"margin-top:0px;margin-bottom:20px;\"><h5 class=\"title-heading-left\"><span style=\"color: #30af6c;\">&#8220;\u00c1rea de lazer voltada ao contato com a natureza.&#8221;<\/span><\/h5><\/div><div class=\"fusion-clearfix\"><\/div>\n\n\t\t\t\t\t<\/div>\n\t\t\t\t<\/div><\/div><\/div><div class=\"fusion-fullwidth fullwidth-box nonhundred-percent-fullwidth non-hundred-percent-height-scrolling\"  style='background-color: rgba(255,255,255,0);background-position: center center;background-repeat: no-repeat;padding-top:0px;padding-right:0px;padding-bottom:0px;padding-left:0px;'><div class=\"fusion-builder-row fusion-row \"><div  class=\"fusion-layout-column fusion_builder_column fusion_builder_column_1_3  fusion-one-third fusion-column-first 1_3\"  style='margin-top:0px;margin-bottom:20px;width:33.33%;width:calc(33.33% - ( ( 4% + 4% ) * 0.3333 ) );margin-right: 4%;'>\n\t\t\t\t\t<div class=\"fusion-column-wrapper\" style=\"padding: 0px 0px 0px 0px;background-position:left top;background-repeat:no-repeat;-webkit-background-size:cover;-moz-background-size:cover;-o-background-size:cover;background-size:cover;\"  data-bg-url=\"\">\n\t\t\t\t\t\t<span style=\"-moz-box-shadow: 2px 3px 7px rgba(0,0,0,.3);-webkit-box-shadow: 2px 3px 7px rgba(0,0,0,.3);box-shadow: 2px 3px 7px rgba(0,0,0,.3);\" class=\"fusion-imageframe imageframe-dropshadow imageframe-1 hover-type-none\"><a href=\"http:\/\/www.espacocatavento.com.br\/novosite\/wp-content\/uploads\/2018\/11\/IMG_20180519_113205403_1.jpg\" class=\"fusion-lightbox\" data-rel=\"iLightbox[infraestrutura]\" data-title=\"Espa\u00e7o Catavento\" title=\"Espa\u00e7o Catavento\"><img loading=\"lazy\" decoding=\"async\" src=\"http:\/\/www.espacocatavento.com.br\/novosite\/wp-content\/uploads\/2018\/11\/IMG_20180519_113205403_1.jpg\" width=\"1200\" height=\"800\" alt=\"\" class=\"img-responsive wp-image-22980\" srcset=\"https:\/\/www.espacocatavento.com.br\/novosite\/wp-content\/uploads\/2018\/11\/IMG_20180519_113205403_1-200x133.jpg 200w, https:\/\/www.espacocatavento.com.br\/novosite\/wp-content\/uploads\/2018\/11\/IMG_20180519_113205403_1-400x267.jpg 400w, https:\/\/www.espacocatavento.com.br\/novosite\/wp-content\/uploads\/2018\/11\/IMG_20180519_113205403_1-600x400.jpg 600w, https:\/\/www.espacocatavento.com.br\/novosite\/wp-content\/uploads\/2018\/11\/IMG_20180519_113205403_1-800x533.jpg 800w, https:\/\/www.espacocatavento.com.br\/novosite\/wp-content\/uploads\/2018\/11\/IMG_20180519_113205403_1.jpg 1200w\" sizes=\"auto, (max-width: 800px) 100vw, 400px\" \/><\/a><\/span><div class=\"fusion-sep-clear\"><\/div><div class=\"fusion-separator fusion-full-width-sep sep-none\" style=\"margin-left: auto;margin-right: auto;margin-top:20px;\"><\/div><span style=\"-moz-box-shadow: 2px 3px 7px rgba(0,0,0,.3);-webkit-box-shadow: 2px 3px 7px rgba(0,0,0,.3);box-shadow: 2px 3px 7px rgba(0,0,0,.3);\" class=\"fusion-imageframe imageframe-dropshadow imageframe-2 hover-type-none\"><a href=\"http:\/\/www.espacocatavento.com.br\/novosite\/wp-content\/uploads\/2018\/11\/pagina-1.jpg\" class=\"fusion-lightbox\" data-rel=\"iLightbox[infraestrutura]\" data-title=\"Espa\u00e7o Catavento\" title=\"Espa\u00e7o Catavento\"><img loading=\"lazy\" decoding=\"async\" src=\"http:\/\/www.espacocatavento.com.br\/novosite\/wp-content\/uploads\/2018\/11\/pagina-1.jpg\" width=\"1200\" height=\"801\" alt=\"\" class=\"img-responsive wp-image-22978\" srcset=\"https:\/\/www.espacocatavento.com.br\/novosite\/wp-content\/uploads\/2018\/11\/pagina-1-200x134.jpg 200w, https:\/\/www.espacocatavento.com.br\/novosite\/wp-content\/uploads\/2018\/11\/pagina-1-400x267.jpg 400w, https:\/\/www.espacocatavento.com.br\/novosite\/wp-content\/uploads\/2018\/11\/pagina-1-600x401.jpg 600w, https:\/\/www.espacocatavento.com.br\/novosite\/wp-content\/uploads\/2018\/11\/pagina-1-800x534.jpg 800w, https:\/\/www.espacocatavento.com.br\/novosite\/wp-content\/uploads\/2018\/11\/pagina-1.jpg 1200w\" sizes=\"auto, (max-width: 800px) 100vw, 400px\" \/><\/a><\/span><div class=\"fusion-clearfix\"><\/div>\n\n\t\t\t\t\t<\/div>\n\t\t\t\t<\/div><div  class=\"fusion-layout-column fusion_builder_column fusion_builder_column_1_3  fusion-one-third 1_3\"  style='margin-top:0px;margin-bottom:20px;width:33.33%;width:calc(33.33% - ( ( 4% + 4% ) * 0.3333 ) );margin-right: 4%;'>\n\t\t\t\t\t<div class=\"fusion-column-wrapper\" style=\"padding: 0px 0px 0px 0px;background-position:left top;background-repeat:no-repeat;-webkit-background-size:cover;-moz-background-size:cover;-o-background-size:cover;background-size:cover;\"  data-bg-url=\"\">\n\t\t\t\t\t\t<span style=\"-moz-box-shadow: 2px 3px 7px rgba(0,0,0,.3);-webkit-box-shadow: 2px 3px 7px rgba(0,0,0,.3);box-shadow: 2px 3px 7px rgba(0,0,0,.3);\" class=\"fusion-imageframe imageframe-dropshadow imageframe-3 hover-type-none\"><a href=\"http:\/\/www.espacocatavento.com.br\/novosite\/wp-content\/uploads\/2018\/10\/espaco_catavento_02.jpg\" class=\"fusion-lightbox\" data-rel=\"iLightbox[infraestrutura]\" data-title=\"Espa\u00e7o Catavento\" title=\"Espa\u00e7o Catavento\"><img loading=\"lazy\" decoding=\"async\" src=\"http:\/\/www.espacocatavento.com.br\/novosite\/wp-content\/uploads\/2018\/10\/espaco_catavento_02.jpg\" width=\"1200\" height=\"800\" alt=\"\" class=\"img-responsive wp-image-22925\" srcset=\"https:\/\/www.espacocatavento.com.br\/novosite\/wp-content\/uploads\/2018\/10\/espaco_catavento_02-200x133.jpg 200w, https:\/\/www.espacocatavento.com.br\/novosite\/wp-content\/uploads\/2018\/10\/espaco_catavento_02-400x267.jpg 400w, https:\/\/www.espacocatavento.com.br\/novosite\/wp-content\/uploads\/2018\/10\/espaco_catavento_02-600x400.jpg 600w, https:\/\/www.espacocatavento.com.br\/novosite\/wp-content\/uploads\/2018\/10\/espaco_catavento_02-800x533.jpg 800w, https:\/\/www.espacocatavento.com.br\/novosite\/wp-content\/uploads\/2018\/10\/espaco_catavento_02.jpg 1200w\" sizes=\"auto, (max-width: 800px) 100vw, 400px\" \/><\/a><\/span><div class=\"fusion-sep-clear\"><\/div><div class=\"fusion-separator fusion-full-width-sep sep-none\" style=\"margin-left: auto;margin-right: auto;margin-top:20px;\"><\/div><span style=\"-moz-box-shadow: 2px 3px 7px rgba(0,0,0,.3);-webkit-box-shadow: 2px 3px 7px rgba(0,0,0,.3);box-shadow: 2px 3px 7px rgba(0,0,0,.3);\" class=\"fusion-imageframe imageframe-dropshadow imageframe-4 hover-type-none\"><a href=\"http:\/\/www.espacocatavento.com.br\/novosite\/wp-content\/uploads\/2018\/11\/IMG_20180918_144459217_.jpg\" class=\"fusion-lightbox\" data-rel=\"iLightbox[infraestrutura]\" data-title=\"Espa\u00e7o Catavento\" title=\"Espa\u00e7o Catavento\"><img loading=\"lazy\" decoding=\"async\" src=\"http:\/\/www.espacocatavento.com.br\/novosite\/wp-content\/uploads\/2018\/11\/IMG_20180918_144459217_.jpg\" width=\"1200\" height=\"800\" alt=\"\" class=\"img-responsive wp-image-22977\" srcset=\"https:\/\/www.espacocatavento.com.br\/novosite\/wp-content\/uploads\/2018\/11\/IMG_20180918_144459217_-200x133.jpg 200w, https:\/\/www.espacocatavento.com.br\/novosite\/wp-content\/uploads\/2018\/11\/IMG_20180918_144459217_-400x267.jpg 400w, https:\/\/www.espacocatavento.com.br\/novosite\/wp-content\/uploads\/2018\/11\/IMG_20180918_144459217_-600x400.jpg 600w, https:\/\/www.espacocatavento.com.br\/novosite\/wp-content\/uploads\/2018\/11\/IMG_20180918_144459217_-800x533.jpg 800w, https:\/\/www.espacocatavento.com.br\/novosite\/wp-content\/uploads\/2018\/11\/IMG_20180918_144459217_.jpg 1200w\" sizes=\"auto, (max-width: 800px) 100vw, 400px\" \/><\/a><\/span><div class=\"fusion-clearfix\"><\/div>\n\n\t\t\t\t\t<\/div>\n\t\t\t\t<\/div><div  class=\"fusion-layout-column fusion_builder_column fusion_builder_column_1_3  fusion-one-third fusion-column-last 1_3\"  style='margin-top:0px;margin-bottom:20px;width:33.33%;width:calc(33.33% - ( ( 4% + 4% ) * 0.3333 ) );'>\n\t\t\t\t\t<div class=\"fusion-column-wrapper\" style=\"padding: 0px 0px 0px 0px;background-position:left top;background-repeat:no-repeat;-webkit-background-size:cover;-moz-background-size:cover;-o-background-size:cover;background-size:cover;\"  data-bg-url=\"\">\n\t\t\t\t\t\t<span style=\"-moz-box-shadow: 2px 3px 7px rgba(0,0,0,.3);-webkit-box-shadow: 2px 3px 7px rgba(0,0,0,.3);box-shadow: 2px 3px 7px rgba(0,0,0,.3);\" class=\"fusion-imageframe imageframe-dropshadow imageframe-5 hover-type-none\"><a href=\"http:\/\/www.espacocatavento.com.br\/novosite\/wp-content\/uploads\/2018\/10\/espaco_catavento_06.jpg\" class=\"fusion-lightbox\" data-rel=\"iLightbox[infraestrutura]\" data-title=\"Espa\u00e7o Catavento\" title=\"Espa\u00e7o Catavento\"><img loading=\"lazy\" decoding=\"async\" src=\"http:\/\/www.espacocatavento.com.br\/novosite\/wp-content\/uploads\/2018\/10\/espaco_catavento_06.jpg\" width=\"600\" height=\"899\" alt=\"\" class=\"img-responsive wp-image-22930\" srcset=\"https:\/\/www.espacocatavento.com.br\/novosite\/wp-content\/uploads\/2018\/10\/espaco_catavento_06-200x300.jpg 200w, https:\/\/www.espacocatavento.com.br\/novosite\/wp-content\/uploads\/2018\/10\/espaco_catavento_06-400x599.jpg 400w, https:\/\/www.espacocatavento.com.br\/novosite\/wp-content\/uploads\/2018\/10\/espaco_catavento_06.jpg 600w\" sizes=\"auto, (max-width: 800px) 100vw, 400px\" \/><\/a><\/span><div class=\"fusion-clearfix\"><\/div>\n\n\t\t\t\t\t<\/div>\n\t\t\t\t<\/div><div  class=\"fusion-layout-column fusion_builder_column fusion_builder_column_1_3  fusion-one-third fusion-column-first 1_3\"  style='margin-top:0px;margin-bottom:20px;width:33.33%;width:calc(33.33% - ( ( 4% + 4% ) * 0.3333 ) );margin-right: 4%;'>\n\t\t\t\t\t<div class=\"fusion-column-wrapper\" style=\"padding: 0px 0px 0px 0px;background-position:left top;background-repeat:no-repeat;-webkit-background-size:cover;-moz-background-size:cover;-o-background-size:cover;background-size:cover;\"  data-bg-url=\"\">\n\t\t\t\t\t\t<span style=\"-moz-box-shadow: 2px 3px 7px rgba(0,0,0,.3);-webkit-box-shadow: 2px 3px 7px rgba(0,0,0,.3);box-shadow: 2px 3px 7px rgba(0,0,0,.3);\" class=\"fusion-imageframe imageframe-dropshadow imageframe-6 hover-type-none\"><a href=\"http:\/\/www.espacocatavento.com.br\/novosite\/wp-content\/uploads\/2018\/10\/slide_1.jpg\" class=\"fusion-lightbox\" data-rel=\"iLightbox[infraestrutura]\" data-title=\"slide_1\" title=\"slide_1\"><img loading=\"lazy\" decoding=\"async\" src=\"http:\/\/www.espacocatavento.com.br\/novosite\/wp-content\/uploads\/2018\/10\/slide_1.jpg\" width=\"1800\" height=\"1200\" alt=\"\" class=\"img-responsive wp-image-22949\" srcset=\"https:\/\/www.espacocatavento.com.br\/novosite\/wp-content\/uploads\/2018\/10\/slide_1-200x133.jpg 200w, https:\/\/www.espacocatavento.com.br\/novosite\/wp-content\/uploads\/2018\/10\/slide_1-400x267.jpg 400w, https:\/\/www.espacocatavento.com.br\/novosite\/wp-content\/uploads\/2018\/10\/slide_1-600x400.jpg 600w, https:\/\/www.espacocatavento.com.br\/novosite\/wp-content\/uploads\/2018\/10\/slide_1-800x533.jpg 800w, https:\/\/www.espacocatavento.com.br\/novosite\/wp-content\/uploads\/2018\/10\/slide_1-1200x800.jpg 1200w, https:\/\/www.espacocatavento.com.br\/novosite\/wp-content\/uploads\/2018\/10\/slide_1.jpg 1800w\" sizes=\"auto, (max-width: 800px) 100vw, 400px\" \/><\/a><\/span><div class=\"fusion-clearfix\"><\/div>\n\n\t\t\t\t\t<\/div>\n\t\t\t\t<\/div><div  class=\"fusion-layout-column fusion_builder_column fusion_builder_column_1_3  fusion-one-third 1_3\"  style='margin-top:0px;margin-bottom:20px;width:33.33%;width:calc(33.33% - ( ( 4% + 4% ) * 0.3333 ) );margin-right: 4%;'>\n\t\t\t\t\t<div class=\"fusion-column-wrapper\" style=\"padding: 0px 0px 0px 0px;background-position:left top;background-repeat:no-repeat;-webkit-background-size:cover;-moz-background-size:cover;-o-background-size:cover;background-size:cover;\"  data-bg-url=\"\">\n\t\t\t\t\t\t<span style=\"-moz-box-shadow: 2px 3px 7px rgba(0,0,0,.3);-webkit-box-shadow: 2px 3px 7px rgba(0,0,0,.3);box-shadow: 2px 3px 7px rgba(0,0,0,.3);\" class=\"fusion-imageframe imageframe-dropshadow imageframe-7 hover-type-none\"><a href=\"http:\/\/www.espacocatavento.com.br\/novosite\/wp-content\/uploads\/2018\/10\/espaco_catavento_07.jpg\" class=\"fusion-lightbox\" data-rel=\"iLightbox[infraestrutura]\" data-title=\"Espa\u00e7o Catavento\" title=\"Espa\u00e7o Catavento\"><img loading=\"lazy\" decoding=\"async\" src=\"http:\/\/www.espacocatavento.com.br\/novosite\/wp-content\/uploads\/2018\/10\/espaco_catavento_07.jpg\" width=\"1200\" height=\"800\" alt=\"\" class=\"img-responsive wp-image-22923\" srcset=\"https:\/\/www.espacocatavento.com.br\/novosite\/wp-content\/uploads\/2018\/10\/espaco_catavento_07-200x133.jpg 200w, https:\/\/www.espacocatavento.com.br\/novosite\/wp-content\/uploads\/2018\/10\/espaco_catavento_07-400x267.jpg 400w, https:\/\/www.espacocatavento.com.br\/novosite\/wp-content\/uploads\/2018\/10\/espaco_catavento_07-600x400.jpg 600w, https:\/\/www.espacocatavento.com.br\/novosite\/wp-content\/uploads\/2018\/10\/espaco_catavento_07-800x533.jpg 800w, https:\/\/www.espacocatavento.com.br\/novosite\/wp-content\/uploads\/2018\/10\/espaco_catavento_07.jpg 1200w\" sizes=\"auto, (max-width: 800px) 100vw, 400px\" \/><\/a><\/span><div class=\"fusion-clearfix\"><\/div>\n\n\t\t\t\t\t<\/div>\n\t\t\t\t<\/div><div  class=\"fusion-layout-column fusion_builder_column fusion_builder_column_1_3  fusion-one-third fusion-column-last 1_3\"  style='margin-top:0px;margin-bottom:20px;width:33.33%;width:calc(33.33% - ( ( 4% + 4% ) * 0.3333 ) );'>\n\t\t\t\t\t<div class=\"fusion-column-wrapper\" style=\"padding: 0px 0px 0px 0px;background-position:left top;background-repeat:no-repeat;-webkit-background-size:cover;-moz-background-size:cover;-o-background-size:cover;background-size:cover;\"  data-bg-url=\"\">\n\t\t\t\t\t\t<span style=\"-moz-box-shadow: 2px 3px 7px rgba(0,0,0,.3);-webkit-box-shadow: 2px 3px 7px rgba(0,0,0,.3);box-shadow: 2px 3px 7px rgba(0,0,0,.3);\" class=\"fusion-imageframe imageframe-dropshadow imageframe-8 hover-type-none\"><a href=\"http:\/\/www.espacocatavento.com.br\/novosite\/wp-content\/uploads\/2019\/01\/c52bc180-13ac-4d84-b167-8a40211ac3d0.jpg\" class=\"fusion-lightbox\" data-rel=\"iLightbox[infraestrutura]\" data-title=\"Espa\u00e7o Catavento\" title=\"Espa\u00e7o Catavento\"><img loading=\"lazy\" decoding=\"async\" src=\"http:\/\/www.espacocatavento.com.br\/novosite\/wp-content\/uploads\/2019\/01\/c52bc180-13ac-4d84-b167-8a40211ac3d0.jpg\" width=\"1028\" height=\"765\" alt=\"\" class=\"img-responsive wp-image-23061\" srcset=\"https:\/\/www.espacocatavento.com.br\/novosite\/wp-content\/uploads\/2019\/01\/c52bc180-13ac-4d84-b167-8a40211ac3d0-200x149.jpg 200w, https:\/\/www.espacocatavento.com.br\/novosite\/wp-content\/uploads\/2019\/01\/c52bc180-13ac-4d84-b167-8a40211ac3d0-400x298.jpg 400w, https:\/\/www.espacocatavento.com.br\/novosite\/wp-content\/uploads\/2019\/01\/c52bc180-13ac-4d84-b167-8a40211ac3d0-600x446.jpg 600w, https:\/\/www.espacocatavento.com.br\/novosite\/wp-content\/uploads\/2019\/01\/c52bc180-13ac-4d84-b167-8a40211ac3d0-800x595.jpg 800w, https:\/\/www.espacocatavento.com.br\/novosite\/wp-content\/uploads\/2019\/01\/c52bc180-13ac-4d84-b167-8a40211ac3d0.jpg 1028w\" sizes=\"auto, (max-width: 800px) 100vw, 400px\" \/><\/a><\/span><div class=\"fusion-clearfix\"><\/div>\n\n\t\t\t\t\t<\/div>\n\t\t\t\t<\/div><div  class=\"fusion-layout-column fusion_builder_column fusion_builder_column_1_3  fusion-one-third fusion-column-first 1_3\"  style='margin-top:0px;margin-bottom:20px;width:33.33%;width:calc(33.33% - ( ( 4% + 4% ) * 0.3333 ) );margin-right: 4%;'>\n\t\t\t\t\t<div class=\"fusion-column-wrapper\" style=\"padding: 0px 0px 0px 0px;background-position:left top;background-repeat:no-repeat;-webkit-background-size:cover;-moz-background-size:cover;-o-background-size:cover;background-size:cover;\"  data-bg-url=\"\">\n\t\t\t\t\t\t<span style=\"-moz-box-shadow: 2px 3px 7px rgba(0,0,0,.3);-webkit-box-shadow: 2px 3px 7px rgba(0,0,0,.3);box-shadow: 2px 3px 7px rgba(0,0,0,.3);\" class=\"fusion-imageframe imageframe-dropshadow imageframe-9 hover-type-none\"><a href=\"http:\/\/www.espacocatavento.com.br\/novosite\/wp-content\/uploads\/2018\/04\/infraestrutura-foto2.jpg\" class=\"fusion-lightbox\" data-rel=\"iLightbox[infraestrutura]\" data-title=\"Espa\u00e7o Catavento\" title=\"Espa\u00e7o Catavento\"><img loading=\"lazy\" decoding=\"async\" src=\"http:\/\/www.espacocatavento.com.br\/novosite\/wp-content\/uploads\/2018\/04\/infraestrutura-foto2.jpg\" width=\"1024\" height=\"681\" alt=\"\" class=\"img-responsive wp-image-276\" srcset=\"https:\/\/www.espacocatavento.com.br\/novosite\/wp-content\/uploads\/2018\/04\/infraestrutura-foto2-200x133.jpg 200w, https:\/\/www.espacocatavento.com.br\/novosite\/wp-content\/uploads\/2018\/04\/infraestrutura-foto2-400x266.jpg 400w, https:\/\/www.espacocatavento.com.br\/novosite\/wp-content\/uploads\/2018\/04\/infraestrutura-foto2-600x399.jpg 600w, https:\/\/www.espacocatavento.com.br\/novosite\/wp-content\/uploads\/2018\/04\/infraestrutura-foto2-800x532.jpg 800w, https:\/\/www.espacocatavento.com.br\/novosite\/wp-content\/uploads\/2018\/04\/infraestrutura-foto2.jpg 1024w\" sizes=\"auto, (max-width: 800px) 100vw, 400px\" \/><\/a><\/span><div class=\"fusion-clearfix\"><\/div>\n\n\t\t\t\t\t<\/div>\n\t\t\t\t<\/div><div  class=\"fusion-layout-column fusion_builder_column fusion_builder_column_1_3  fusion-one-third 1_3\"  style='margin-top:0px;margin-bottom:20px;width:33.33%;width:calc(33.33% - ( ( 4% + 4% ) * 0.3333 ) );margin-right: 4%;'>\n\t\t\t\t\t<div class=\"fusion-column-wrapper\" style=\"padding: 0px 0px 0px 0px;background-position:left top;background-repeat:no-repeat;-webkit-background-size:cover;-moz-background-size:cover;-o-background-size:cover;background-size:cover;\"  data-bg-url=\"\">\n\t\t\t\t\t\t<span style=\"-moz-box-shadow: 2px 3px 7px rgba(0,0,0,.3);-webkit-box-shadow: 2px 3px 7px rgba(0,0,0,.3);box-shadow: 2px 3px 7px rgba(0,0,0,.3);\" class=\"fusion-imageframe imageframe-dropshadow imageframe-10 hover-type-none\"><a href=\"http:\/\/www.espacocatavento.com.br\/novosite\/wp-content\/uploads\/2019\/01\/33347b6c-0201-48da-a193-2a3542a89046.jpg\" class=\"fusion-lightbox\" data-rel=\"iLightbox[infraestrutura]\" data-title=\"Espa\u00e7o Catavento\" title=\"Espa\u00e7o Catavento\"><img loading=\"lazy\" decoding=\"async\" src=\"http:\/\/www.espacocatavento.com.br\/novosite\/wp-content\/uploads\/2019\/01\/33347b6c-0201-48da-a193-2a3542a89046.jpg\" width=\"512\" height=\"357\" alt=\"\" class=\"img-responsive wp-image-23069\" srcset=\"https:\/\/www.espacocatavento.com.br\/novosite\/wp-content\/uploads\/2019\/01\/33347b6c-0201-48da-a193-2a3542a89046-200x139.jpg 200w, https:\/\/www.espacocatavento.com.br\/novosite\/wp-content\/uploads\/2019\/01\/33347b6c-0201-48da-a193-2a3542a89046-400x279.jpg 400w, https:\/\/www.espacocatavento.com.br\/novosite\/wp-content\/uploads\/2019\/01\/33347b6c-0201-48da-a193-2a3542a89046.jpg 512w\" sizes=\"auto, (max-width: 800px) 100vw, 400px\" \/><\/a><\/span><div class=\"fusion-clearfix\"><\/div>\n\n\t\t\t\t\t<\/div>\n\t\t\t\t<\/div><div  class=\"fusion-layout-column fusion_builder_column fusion_builder_column_1_3  fusion-one-third fusion-column-last 1_3\"  style='margin-top:0px;margin-bottom:20px;width:33.33%;width:calc(33.33% - ( ( 4% + 4% ) * 0.3333 ) );'>\n\t\t\t\t\t<div class=\"fusion-column-wrapper\" style=\"padding: 0px 0px 0px 0px;background-position:left top;background-repeat:no-repeat;-webkit-background-size:cover;-moz-background-size:cover;-o-background-size:cover;background-size:cover;\"  data-bg-url=\"\">\n\t\t\t\t\t\t<div class=\"fusion-clearfix\"><\/div>\n\n\t\t\t\t\t<\/div>\n\t\t\t\t<\/div><\/div><\/div><\/p>\n","protected":false},"excerpt":{"rendered":"","protected":false},"author":1,"featured_media":0,"parent":199,"menu_order":0,"comment_status":"closed","ping_status":"closed","template":"","meta":{"footnotes":""},"class_list":["post-267","page","type-page","status-publish","hentry"],"_links":{"self":[{"href":"https:\/\/www.espacocatavento.com.br\/novosite\/wp-json\/wp\/v2\/pages\/267","targetHints":{"allow":["GET"]}}],"collection":[{"href":"https:\/\/www.espacocatavento.com.br\/novosite\/wp-json\/wp\/v2\/pages"}],"about":[{"href":"https:\/\/www.espacocatavento.com.br\/novosite\/wp-json\/wp\/v2\/types\/page"}],"author":[{"embeddable":true,"href":"https:\/\/www.espacocatavento.com.br\/novosite\/wp-json\/wp\/v2\/users\/1"}],"replies":[{"embeddable":true,"href":"https:\/\/www.espacocatavento.com.br\/novosite\/wp-json\/wp\/v2\/comments?post=267"}],"version-history":[{"count":19,"href":"https:\/\/www.espacocatavento.com.br\/novosite\/wp-json\/wp\/v2\/pages\/267\/revisions"}],"predecessor-version":[{"id":23071,"href":"https:\/\/www.espacocatavento.com.br\/novosite\/wp-json\/wp\/v2\/pages\/267\/revisions\/23071"}],"up":[{"embeddable":true,"href":"https:\/\/www.espacocatavento.com.br\/novosite\/wp-json\/wp\/v2\/pages\/199"}],"wp:attachment":[{"href":"https:\/\/www.espacocatavento.com.br\/novosite\/wp-json\/wp\/v2\/media?parent=267"}],"curies":[{"name":"wp","href":"https:\/\/api.w.org\/{rel}","templated":true}]}}