{"id":255,"date":"2018-04-02T01:42:58","date_gmt":"2018-04-02T01:42:58","guid":{"rendered":"http:\/\/www.espacocatavento.com.br\/novosite\/?page_id=255"},"modified":"2018-12-19T15:52:04","modified_gmt":"2018-12-19T15:52:04","slug":"proposta","status":"publish","type":"page","link":"https:\/\/www.espacocatavento.com.br\/novosite\/institucional\/proposta\/","title":{"rendered":"Proposta"},"content":{"rendered":"<div class=\"fusion-fullwidth fullwidth-box nonhundred-percent-fullwidth non-hundred-percent-height-scrolling\"  style='background-color: rgba(255,255,255,0);background-position: center center;background-repeat: no-repeat;padding-top:0px;padding-right:0px;padding-bottom:0px;padding-left:0px;'><div class=\"fusion-builder-row fusion-row \"><div  class=\"fusion-layout-column fusion_builder_column fusion_builder_column_1_1  fusion-one-full fusion-column-first fusion-column-last 1_1\"  style='margin-top:0px;margin-bottom:0px;'>\n\t\t\t\t\t<div class=\"fusion-column-wrapper\" style=\"padding: 0px 0px 0px 0px;background-position:left top;background-repeat:no-repeat;-webkit-background-size:cover;-moz-background-size:cover;-o-background-size:cover;background-size:cover;\"  data-bg-url=\"\">\n\t\t\t\t\t\t<div class=\"fusion-title title fusion-sep-none fusion-title-size-five\" style=\"margin-top:0px;margin-bottom:20px;\"><h5 class=\"title-heading-left\"><span style=\"color: #30af6c;\">A CATAVENTO acredita no conhecimento constru\u00eddo em parceria com o aluno, que parte de sua experi\u00eancia e de seu pr\u00f3prio universo na busca pelo saber.<\/span><\/h5><\/div><div class=\"fusion-text\"><p>Nossa proposta pedag\u00f3gica tem como pilar o princ\u00edpio de aprendizagem ativa e se baseia nos trabalhos de Helo\u00edsa Marinho, no curr\u00edculo High\/Scope e nas obras de Paulo Freire, Henri Wallon, Jean Piaget, Vygotsky, Howard Gardner e Freinet.<\/p>\n<p>A crian\u00e7a constr\u00f3i conhecimento atrav\u00e9s de a\u00e7\u00f5es sobre o ambiente \u00e0 sua volta, focalizando o desenvolvimento individual e a integra\u00e7\u00e3o das diferen\u00e7as. Por isso a forma\u00e7\u00e3o de cidadania tem lugar de destaque no curr\u00edculo desde cedo.<\/p>\n<\/div><div class=\"fusion-title title fusion-sep-none fusion-title-size-five\" style=\"margin-top:0px;margin-bottom:20px;\"><h5 class=\"title-heading-left\"><span style=\"color: #30af6c;\">Na Educa\u00e7\u00e3o Infantil, a conquista progressiva da autonomia, os cuidados com o corpo, o aprendizado da express\u00e3o das emo\u00e7\u00f5es e a explora\u00e7\u00e3o do ambiente levam a crian\u00e7a a se perceber como parte integrante e agente transformador do espa\u00e7o.<\/span><\/h5><\/div><div class=\"fusion-clearfix\"><\/div>\n\n\t\t\t\t\t<\/div>\n\t\t\t\t<\/div><div  class=\"fusion-layout-column fusion_builder_column fusion_builder_column_1_1  fusion-one-full fusion-column-first fusion-column-last 1_1\"  style='margin-top:0px;margin-bottom:20px;'>\n\t\t\t\t\t<div class=\"fusion-column-wrapper\" style=\"padding: 0px 0px 0px 0px;background-position:left top;background-repeat:no-repeat;-webkit-background-size:cover;-moz-background-size:cover;-o-background-size:cover;background-size:cover;\"  data-bg-url=\"\">\n\t\t\t\t\t\t<div class=\"imageframe-align-center\"><span style=\"-moz-box-shadow: 2px 3px 7px rgba(0,0,0,.3);-webkit-box-shadow: 2px 3px 7px rgba(0,0,0,.3);box-shadow: 2px 3px 7px rgba(0,0,0,.3);\" class=\"fusion-imageframe imageframe-dropshadow imageframe-1 hover-type-none\"><a href=\"http:\/\/www.espacocatavento.com.br\/novosite\/wp-content\/uploads\/2018\/12\/espaco_catavento_03_1.jpg\" class=\"fusion-lightbox\" data-rel=\"iLightbox[d55c7a61ea3dfbb5543]\" data-title=\"espaco_catavento_03_1\" title=\"espaco_catavento_03_1\"><img loading=\"lazy\" decoding=\"async\" src=\"http:\/\/www.espacocatavento.com.br\/novosite\/wp-content\/uploads\/2018\/12\/espaco_catavento_03_1.jpg\" width=\"1200\" height=\"800\" alt=\"\" class=\"img-responsive wp-image-23027\" srcset=\"https:\/\/www.espacocatavento.com.br\/novosite\/wp-content\/uploads\/2018\/12\/espaco_catavento_03_1-200x133.jpg 200w, https:\/\/www.espacocatavento.com.br\/novosite\/wp-content\/uploads\/2018\/12\/espaco_catavento_03_1-400x267.jpg 400w, https:\/\/www.espacocatavento.com.br\/novosite\/wp-content\/uploads\/2018\/12\/espaco_catavento_03_1-600x400.jpg 600w, https:\/\/www.espacocatavento.com.br\/novosite\/wp-content\/uploads\/2018\/12\/espaco_catavento_03_1-800x533.jpg 800w, https:\/\/www.espacocatavento.com.br\/novosite\/wp-content\/uploads\/2018\/12\/espaco_catavento_03_1.jpg 1200w\" sizes=\"auto, (max-width: 800px) 100vw, 1200px\" \/><\/a><\/span><\/div><div class=\"fusion-clearfix\"><\/div>\n\n\t\t\t\t\t<\/div>\n\t\t\t\t<\/div><div  class=\"fusion-layout-column fusion_builder_column fusion_builder_column_1_1  fusion-one-full fusion-column-first fusion-column-last 1_1\"  style='margin-top:0px;margin-bottom:20px;'>\n\t\t\t\t\t<div class=\"fusion-column-wrapper\" style=\"padding: 0px 0px 0px 0px;background-position:left top;background-repeat:no-repeat;-webkit-background-size:cover;-moz-background-size:cover;-o-background-size:cover;background-size:cover;\"  data-bg-url=\"\">\n\t\t\t\t\t\t<div class=\"fusion-text\"><p>No Ensino Fundamental, motivados por atividades diversas que v\u00e3o de artes a inform\u00e1tica, de matem\u00e1tica a m\u00fasica, os alunos aprendem o conte\u00fado curricular associando os conceitos \u00e0 no\u00e7\u00f5es de responsabilidade diante do mundo. A pedagogia de projetos \u00e9 uma pr\u00e1tica que acompanha toda a proposta, promovendo o trabalho interdisciplinar e propiciando o desenvolvimento de intelig\u00eancias m\u00faltiplas.<\/p>\n<p>A pesquisa e a experimenta\u00e7\u00e3o s\u00e3o desenvolvidas por meio de pr\u00e1ticas em sala de aula ou na \u00e1rea externa, sendo o ponto de partida para o aprendizado. Dessa forma a crian\u00e7a sedimenta a constru\u00e7\u00e3o de seu conhecimento em um espa\u00e7o organizado com materiais ou ainda com o aproveitamento de recursos naturais, que promovem a amplia\u00e7\u00e3o do racioc\u00ednio l\u00f3gico, do esp\u00edrito cr\u00edtico, da capacidade de fazer escolhas e tomar decis\u00f5es.<\/p>\n<\/div><div class=\"fusion-title title fusion-sep-none fusion-title-size-five\" style=\"margin-top:0px;margin-bottom:20px;\"><h5 class=\"title-heading-left\"><span style=\"color: #30af6c;\">Os alunos da CATAVENTO aprendem a pensar o mundo de forma ampla, levando em considera\u00e7\u00e3o a complexidade que nos cerca, elaborando solu\u00e7\u00f5es criativas para os problemas cotidianos e exercitando importantes habilidades.<\/span><\/h5><\/div><div class=\"imageframe-align-center\"><span style=\"-moz-box-shadow: 2px 3px 7px rgba(0,0,0,.3);-webkit-box-shadow: 2px 3px 7px rgba(0,0,0,.3);box-shadow: 2px 3px 7px rgba(0,0,0,.3);\" class=\"fusion-imageframe imageframe-dropshadow imageframe-2 hover-type-none\"><a href=\"http:\/\/www.espacocatavento.com.br\/novosite\/wp-content\/uploads\/2018\/10\/slide_4.jpg\" class=\"fusion-lightbox\" data-rel=\"iLightbox[318448245ee4b0c77c5]\" data-title=\"Espa\u00e7o Catavento\" title=\"Espa\u00e7o Catavento\"><img loading=\"lazy\" decoding=\"async\" src=\"http:\/\/www.espacocatavento.com.br\/novosite\/wp-content\/uploads\/2018\/10\/slide_4.jpg\" width=\"1800\" height=\"1200\" alt=\"\" class=\"img-responsive wp-image-22952\" srcset=\"https:\/\/www.espacocatavento.com.br\/novosite\/wp-content\/uploads\/2018\/10\/slide_4-200x133.jpg 200w, https:\/\/www.espacocatavento.com.br\/novosite\/wp-content\/uploads\/2018\/10\/slide_4-400x267.jpg 400w, https:\/\/www.espacocatavento.com.br\/novosite\/wp-content\/uploads\/2018\/10\/slide_4-600x400.jpg 600w, https:\/\/www.espacocatavento.com.br\/novosite\/wp-content\/uploads\/2018\/10\/slide_4-800x533.jpg 800w, https:\/\/www.espacocatavento.com.br\/novosite\/wp-content\/uploads\/2018\/10\/slide_4-1200x800.jpg 1200w, https:\/\/www.espacocatavento.com.br\/novosite\/wp-content\/uploads\/2018\/10\/slide_4.jpg 1800w\" sizes=\"auto, (max-width: 800px) 100vw, 1200px\" \/><\/a><\/span><\/div><div class=\"fusion-clearfix\"><\/div>\n\n\t\t\t\t\t<\/div>\n\t\t\t\t<\/div><\/div><\/div>\n","protected":false},"excerpt":{"rendered":"","protected":false},"author":1,"featured_media":0,"parent":199,"menu_order":0,"comment_status":"closed","ping_status":"closed","template":"","meta":{"footnotes":""},"class_list":["post-255","page","type-page","status-publish","hentry"],"_links":{"self":[{"href":"https:\/\/www.espacocatavento.com.br\/novosite\/wp-json\/wp\/v2\/pages\/255","targetHints":{"allow":["GET"]}}],"collection":[{"href":"https:\/\/www.espacocatavento.com.br\/novosite\/wp-json\/wp\/v2\/pages"}],"about":[{"href":"https:\/\/www.espacocatavento.com.br\/novosite\/wp-json\/wp\/v2\/types\/page"}],"author":[{"embeddable":true,"href":"https:\/\/www.espacocatavento.com.br\/novosite\/wp-json\/wp\/v2\/users\/1"}],"replies":[{"embeddable":true,"href":"https:\/\/www.espacocatavento.com.br\/novosite\/wp-json\/wp\/v2\/comments?post=255"}],"version-history":[{"count":17,"href":"https:\/\/www.espacocatavento.com.br\/novosite\/wp-json\/wp\/v2\/pages\/255\/revisions"}],"predecessor-version":[{"id":23028,"href":"https:\/\/www.espacocatavento.com.br\/novosite\/wp-json\/wp\/v2\/pages\/255\/revisions\/23028"}],"up":[{"embeddable":true,"href":"https:\/\/www.espacocatavento.com.br\/novosite\/wp-json\/wp\/v2\/pages\/199"}],"wp:attachment":[{"href":"https:\/\/www.espacocatavento.com.br\/novosite\/wp-json\/wp\/v2\/media?parent=255"}],"curies":[{"name":"wp","href":"https:\/\/api.w.org\/{rel}","templated":true}]}}