{"id":21794,"date":"2018-04-12T04:16:40","date_gmt":"2018-04-12T04:16:40","guid":{"rendered":"http:\/\/www.espacocatavento.com.br\/novosite\/?page_id=21794"},"modified":"2026-01-07T16:14:15","modified_gmt":"2026-01-07T16:14:15","slug":"downloads","status":"publish","type":"page","link":"https:\/\/www.espacocatavento.com.br\/novosite\/downloads\/","title":{"rendered":"Downloads"},"content":{"rendered":"<p><div class=\"fusion-fullwidth fullwidth-box nonhundred-percent-fullwidth non-hundred-percent-height-scrolling\"  style='background-color: rgba(255,255,255,0);background-position: center center;background-repeat: no-repeat;padding-top:0px;padding-right:0px;padding-bottom:0px;padding-left:0px;'><div class=\"fusion-builder-row fusion-row \"><div  class=\"fusion-layout-column fusion_builder_column fusion_builder_column_1_2  fusion-one-half fusion-column-first 1_2\"  style='margin-top:0px;margin-bottom:20px;width:50%;width:calc(50% - ( ( 4% ) * 0.5 ) );margin-right: 4%;'>\n\t\t\t\t\t<div class=\"fusion-column-wrapper\" style=\"padding: 0px 0px 0px 0px;background-position:left top;background-repeat:no-repeat;-webkit-background-size:cover;-moz-background-size:cover;-o-background-size:cover;background-size:cover;\"  data-bg-url=\"\">\n\t\t\t\t\t\t<div class=\"fusion-title title fusion-sep-none fusion-title-size-five\" style=\"margin-top:0px;margin-bottom:20px;\"><h5 class=\"title-heading-left\"><p class=\"entry-title\">Calend\u00e1rio<\/p><\/h5><\/div><ul class=\"fusion-checklist fusion-checklist-1\" style=\"font-size:15px;line-height:25.5px;\"><li class=\"fusion-li-item\"><span style=\"height:25.5px;width:25.5px;margin-right:10.5px;\" class=\"icon-wrapper circle-no\"><i class=\"fusion-li-icon fa fa-download\" style=\"color:#30af6c;\"><\/i><\/span><div class=\"fusion-li-item-content\" style=\"margin-left:36px;\">\n<p><a href=\"https:\/\/www.espacocatavento.com.br\/novosite\/wp-content\/uploads\/2026\/01\/Calendario-EDUCACAO-INFANTIL-2026.pdf\" target=\"_blank\" rel=\"noopener\">Calend\u00e1rio Infantil 2026<\/a><br \/>\n<a href=\"https:\/\/www.espacocatavento.com.br\/novosite\/wp-content\/uploads\/2026\/01\/Calendario-ENSINO-FUNDAMENTAL-2026.pdf\" target=\"_blank\" rel=\"noopener\">Calend\u00e1rio Fundamental 2026<\/a><\/p>\n<\/div><\/li><\/ul><div class=\"fusion-clearfix\"><\/div>\n\n\t\t\t\t\t<\/div>\n\t\t\t\t<\/div><div  class=\"fusion-layout-column fusion_builder_column fusion_builder_column_1_2  fusion-one-half fusion-column-last 1_2\"  style='margin-top:0px;margin-bottom:20px;width:50%;width:calc(50% - ( ( 4% ) * 0.5 ) );'>\n\t\t\t\t\t<div class=\"fusion-column-wrapper\" style=\"padding: 0px 0px 0px 0px;background-position:left top;background-repeat:no-repeat;-webkit-background-size:cover;-moz-background-size:cover;-o-background-size:cover;background-size:cover;\"  data-bg-url=\"\">\n\t\t\t\t\t\t<div class=\"fusion-title title fusion-sep-none fusion-title-size-five\" style=\"margin-top:0px;margin-bottom:20px;\"><h5 class=\"title-heading-left\"><p class=\"entry-title\">Lista de Material<\/p><\/h5><\/div><ul class=\"fusion-checklist fusion-checklist-2\" style=\"font-size:15px;line-height:25.5px;\"><li class=\"fusion-li-item\"><span style=\"height:25.5px;width:25.5px;margin-right:10.5px;\" class=\"icon-wrapper circle-no\"><i class=\"fusion-li-icon fa fa-download\" style=\"color:#30af6c;\"><\/i><\/span><div class=\"fusion-li-item-content\" style=\"margin-left:36px;\">\n<p><a href=\"https:\/\/www.espacocatavento.com.br\/novosite\/wp-content\/uploads\/2026\/01\/Maternal-2026.pdf\" target=\"_blank\" rel=\"noopener\">Maternal 2026<\/a><br \/>\n<a href=\"https:\/\/www.espacocatavento.com.br\/novosite\/wp-content\/uploads\/2026\/01\/Turma-1A-2026.pdf\" target=\"_blank\" rel=\"noopener\">Turma 1A 2026<\/a><br \/>\n<a href=\"https:\/\/www.espacocatavento.com.br\/novosite\/wp-content\/uploads\/2026\/01\/Turma-1B-2026.pdf\" target=\"_blank\" rel=\"noopener\">Turma 1B 2026<\/a><br \/>\n<a href=\"https:\/\/www.espacocatavento.com.br\/novosite\/wp-content\/uploads\/2026\/01\/Turma-1C-2026.pdf\" target=\"_blank\" rel=\"noopener\">Turma 1C 2026<\/a><br \/>\n<a href=\"https:\/\/www.espacocatavento.com.br\/novosite\/wp-content\/uploads\/2026\/01\/Turma-2A-2026.pdf\" target=\"_blank\" rel=\"noopener\">Turma 2A 2026<\/a><br \/>\n<a href=\"https:\/\/www.espacocatavento.com.br\/novosite\/wp-content\/uploads\/2026\/01\/Turma-2B-2026.pdf\" target=\"_blank\" rel=\"noopener\">Turma 2B 2026<\/a><br \/>\n<a href=\"https:\/\/www.espacocatavento.com.br\/novosite\/wp-content\/uploads\/2026\/01\/Grupo-1-2026.pdf\" target=\"_blank\" rel=\"noopener\">Grupo 1 2026<\/a><br \/>\n<a href=\"https:\/\/www.espacocatavento.com.br\/novosite\/wp-content\/uploads\/2026\/01\/Grupo-2-2026.pdf\" target=\"_blank\" rel=\"noopener\">Grupo 2 2026<\/a><br \/>\n<a href=\"https:\/\/www.espacocatavento.com.br\/novosite\/wp-content\/uploads\/2026\/01\/Grupo-3-2026-4.pdf\" target=\"_blank\" rel=\"noopener\">Grupo 3 2026<\/a><\/p>\n<\/div><\/li><\/ul><div class=\"fusion-clearfix\"><\/div>\n\n\t\t\t\t\t<\/div>\n\t\t\t\t<\/div><\/div><\/div><div class=\"fusion-fullwidth fullwidth-box nonhundred-percent-fullwidth non-hundred-percent-height-scrolling\"  style='background-color: rgba(255,255,255,0);background-position: center center;background-repeat: no-repeat;padding-top:0px;padding-right:0px;padding-bottom:0px;padding-left:0px;'><div class=\"fusion-builder-row fusion-row \"><div  class=\"fusion-layout-column fusion_builder_column fusion_builder_column_1_2  fusion-one-half fusion-column-first 1_2\"  style='margin-top:0px;margin-bottom:20px;width:50%;width:calc(50% - ( ( 4% ) * 0.5 ) );margin-right: 4%;'>\n\t\t\t\t\t<div class=\"fusion-column-wrapper\" style=\"padding: 0px 0px 0px 0px;background-position:left top;background-repeat:no-repeat;-webkit-background-size:cover;-moz-background-size:cover;-o-background-size:cover;background-size:cover;\"  data-bg-url=\"\">\n\t\t\t\t\t\t<div class=\"fusion-title title fusion-sep-none fusion-title-size-five\" style=\"margin-top:0px;margin-bottom:20px;\"><h5 class=\"title-heading-left\"><p class=\"entry-title\">Documentos<\/p><\/h5><\/div><ul class=\"fusion-checklist fusion-checklist-3\" style=\"font-size:15px;line-height:25.5px;\"><li class=\"fusion-li-item\"><span style=\"height:25.5px;width:25.5px;margin-right:10.5px;\" class=\"icon-wrapper circle-no\"><i class=\"fusion-li-icon fa fa-download\" style=\"color:#30af6c;\"><\/i><\/span><div class=\"fusion-li-item-content\" style=\"margin-left:36px;\"><a href=\"https:\/\/www.espacocatavento.com.br\/novosite\/wp-content\/uploads\/2024\/01\/documentos.pdf\" target=\"_blank\" rel=\"noopener\">Documentos<\/a><\/div><\/li><\/ul><div class=\"fusion-clearfix\"><\/div>\n\n\t\t\t\t\t<\/div>\n\t\t\t\t<\/div><div  class=\"fusion-layout-column fusion_builder_column fusion_builder_column_1_2  fusion-one-half fusion-column-last 1_2\"  style='margin-top:0px;margin-bottom:20px;width:50%;width:calc(50% - ( ( 4% ) * 0.5 ) );'>\n\t\t\t\t\t<div class=\"fusion-column-wrapper\" style=\"padding: 0px 0px 0px 0px;background-position:left top;background-repeat:no-repeat;-webkit-background-size:cover;-moz-background-size:cover;-o-background-size:cover;background-size:cover;\"  data-bg-url=\"\">\n\t\t\t\t\t\t<div class=\"fusion-title title fusion-sep-none fusion-title-size-five\" style=\"margin-top:0px;margin-bottom:20px;\"><h5 class=\"title-heading-left\"><\/h5><\/div><ul class=\"fusion-checklist fusion-checklist-4\" style=\"font-size:15px;line-height:25.5px;\"><\/ul><div class=\"fusion-clearfix\"><\/div>\n\n\t\t\t\t\t<\/div>\n\t\t\t\t<\/div><\/div><\/div><div class=\"fusion-fullwidth fullwidth-box nonhundred-percent-fullwidth non-hundred-percent-height-scrolling\"  style='background-color: rgba(255,255,255,0);background-position: center center;background-repeat: no-repeat;padding-top:0px;padding-right:0px;padding-bottom:0px;padding-left:0px;'><div class=\"fusion-builder-row fusion-row \"><div  class=\"fusion-layout-column fusion_builder_column fusion_builder_column_1_2  fusion-one-half fusion-column-first 1_2\"  style='margin-top:0px;margin-bottom:20px;width:50%;width:calc(50% - ( ( 4% ) * 0.5 ) );margin-right: 4%;'>\n\t\t\t\t\t<div class=\"fusion-column-wrapper\" style=\"padding: 0px 0px 0px 0px;background-position:left top;background-repeat:no-repeat;-webkit-background-size:cover;-moz-background-size:cover;-o-background-size:cover;background-size:cover;\"  data-bg-url=\"\">\n\t\t\t\t\t\t<div class=\"fusion-title title fusion-sep-none fusion-title-size-five\" style=\"margin-top:0px;margin-bottom:20px;\"><h5 class=\"title-heading-left\"><p class=\"entry-title\">Dicas de ideias<\/p><\/h5><\/div><ul class=\"fusion-checklist fusion-checklist-5\" style=\"font-size:15px;line-height:25.5px;\"><li class=\"fusion-li-item\"><span style=\"height:25.5px;width:25.5px;margin-right:10.5px;\" class=\"icon-wrapper circle-no\"><i class=\"fusion-li-icon fa fa-download\" style=\"color:#30af6c;\"><\/i><\/span><div class=\"fusion-li-item-content\" style=\"margin-left:36px;\">\n<p><a href=\"http:\/\/www.espacocatavento.com.br\/novosite\/wp-content\/uploads\/2020\/03\/quarentena_contacao_de_historias.pdf\" target=\"_blank\" rel=\"noopener\">Conta\u00e7\u00e3o de Hist\u00f3rias<\/a><\/p>\n<\/div><\/li><li class=\"fusion-li-item\"><span style=\"height:25.5px;width:25.5px;margin-right:10.5px;\" class=\"icon-wrapper circle-no\"><i class=\"fusion-li-icon fa fa-download\" style=\"color:#30af6c;\"><\/i><\/span><div class=\"fusion-li-item-content\" style=\"margin-left:36px;\">\n<p><a href=\"http:\/\/www.espacocatavento.com.br\/novosite\/wp-content\/uploads\/2020\/03\/quarentena_-_museus.pdf\" target=\"_blank\" rel=\"noopener\">Visita Virtual Museus<\/a><\/p>\n<\/div><\/li><li class=\"fusion-li-item\"><span style=\"height:25.5px;width:25.5px;margin-right:10.5px;\" class=\"icon-wrapper circle-no\"><i class=\"fusion-li-icon fa fa-download\" style=\"color:#30af6c;\"><\/i><\/span><div class=\"fusion-li-item-content\" style=\"margin-left:36px;\"><a href=\"http:\/\/www.espacocatavento.com.br\/novosite\/wp-content\/uploads\/2020\/03\/receitas_catavento.pdf\" target=\"_blank\" rel=\"noopener\">Dicas de\u00a0Receitas<\/a><\/div><\/li><li class=\"fusion-li-item\"><span style=\"height:25.5px;width:25.5px;margin-right:10.5px;\" class=\"icon-wrapper circle-no\"><i class=\"fusion-li-icon fa fa-download\" style=\"color:#30af6c;\"><\/i><\/span><div class=\"fusion-li-item-content\" style=\"margin-left:36px;\">\n<p><a href=\"http:\/\/www.espacocatavento.com.br\/novosite\/wp-content\/uploads\/2020\/03\/brincadeiras_quarentena_estefi_machado.pdf\" target=\"_blank\" rel=\"noopener\">Dicas de Brincadeiras<\/a><\/p>\n<\/div><\/li><\/ul><div class=\"fusion-clearfix\"><\/div>\n\n\t\t\t\t\t<\/div>\n\t\t\t\t<\/div><\/div><\/div><\/p>\n","protected":false},"excerpt":{"rendered":"","protected":false},"author":1,"featured_media":0,"parent":0,"menu_order":0,"comment_status":"closed","ping_status":"closed","template":"","meta":{"footnotes":""},"class_list":["post-21794","page","type-page","status-publish","hentry"],"_links":{"self":[{"href":"https:\/\/www.espacocatavento.com.br\/novosite\/wp-json\/wp\/v2\/pages\/21794","targetHints":{"allow":["GET"]}}],"collection":[{"href":"https:\/\/www.espacocatavento.com.br\/novosite\/wp-json\/wp\/v2\/pages"}],"about":[{"href":"https:\/\/www.espacocatavento.com.br\/novosite\/wp-json\/wp\/v2\/types\/page"}],"author":[{"embeddable":true,"href":"https:\/\/www.espacocatavento.com.br\/novosite\/wp-json\/wp\/v2\/users\/1"}],"replies":[{"embeddable":true,"href":"https:\/\/www.espacocatavento.com.br\/novosite\/wp-json\/wp\/v2\/comments?post=21794"}],"version-history":[{"count":34,"href":"https:\/\/www.espacocatavento.com.br\/novosite\/wp-json\/wp\/v2\/pages\/21794\/revisions"}],"predecessor-version":[{"id":29104,"href":"https:\/\/www.espacocatavento.com.br\/novosite\/wp-json\/wp\/v2\/pages\/21794\/revisions\/29104"}],"wp:attachment":[{"href":"https:\/\/www.espacocatavento.com.br\/novosite\/wp-json\/wp\/v2\/media?parent=21794"}],"curies":[{"name":"wp","href":"https:\/\/api.w.org\/{rel}","templated":true}]}}