{"id":201,"date":"2018-04-02T00:33:43","date_gmt":"2018-04-02T00:33:43","guid":{"rendered":"http:\/\/www.espacocatavento.com.br\/novosite\/?page_id=201"},"modified":"2019-01-04T15:24:08","modified_gmt":"2019-01-04T15:24:08","slug":"sobre","status":"publish","type":"page","link":"https:\/\/www.espacocatavento.com.br\/novosite\/institucional\/sobre\/","title":{"rendered":"Sobre"},"content":{"rendered":"<p><div class=\"fusion-fullwidth fullwidth-box nonhundred-percent-fullwidth non-hundred-percent-height-scrolling fusion-equal-height-columns\"  style='background-color: rgba(255,255,255,0);background-position: center center;background-repeat: no-repeat;padding-top:0px;padding-right:0px;padding-bottom:0px;padding-left:0px;'><div class=\"fusion-builder-row fusion-row \"><div  class=\"fusion-layout-column fusion_builder_column fusion_builder_column_1_1  fusion-one-full fusion-column-first fusion-column-last 1_1\"  style='margin-top:0px;margin-bottom:20px;'>\n\t\t\t\t\t<div class=\"fusion-column-wrapper\" style=\"padding: 0px 0px 0px 0px;background-position:left top;background-repeat:no-repeat;-webkit-background-size:cover;-moz-background-size:cover;-o-background-size:cover;background-size:cover;\"  data-bg-url=\"\">\n\t\t\t\t\t\t<div class=\"fusion-column-content-centered\"><div class=\"fusion-column-content\"><div class=\"fusion-title title fusion-sep-none fusion-title-size-five\" style=\"margin-top:0px;margin-bottom:10px;\"><h5 class=\"title-heading-left\"><span style=\"color: #30af6c;\">Desde 1981 a CATAVENTO acredita que conhecimento deve estar em sintonia com autonomia de pensamento e a\u00e7\u00e3o.<\/span><\/h5><\/div><div class=\"fusion-text\"><p>Por isso nosso curr\u00edculo inclui diversas atividades como: artes pl\u00e1sticas em suas diversas modalidades, capoeira, desafios matem\u00e1ticos, rodas de leitura, encena\u00e7\u00f5es sobre fatos hist\u00f3ricos, feiras de ci\u00eancias, corais de flauta e canto, ingl\u00eas, inform\u00e1tica e culin\u00e1ria.<\/p>\n<p>A <span style=\"color: #30af6c;\">CATAVENTO<\/span> tamb\u00e9m prioriza a organiza\u00e7\u00e3o do pensamento e o desenvolvimento do racioc\u00ednio l\u00f3gico. Em parceria com o <span style=\"color: #30af6c;\">Instituto Mind Lab<\/span>, as habilidades dos alunos s\u00e3o desenvolvidas por interm\u00e9dio de jogos de cogni\u00e7\u00e3o, sempre em sintonia com a fluidez dos tempos atuais.<\/p>\n<p>Propor diferentes pr\u00e1ticas no cotidiano escolar \u00e9 olhar e escutar a crian\u00e7a em sua integralidade, a partir de sua rela\u00e7\u00e3o com o mundo, facilitando a constru\u00e7\u00e3o do conhecimento e garantindo o desenvolvimento de habilidades fundamentais para a forma\u00e7\u00e3o do ser humano.<\/p>\n<\/div><\/div><\/div><div class=\"fusion-clearfix\"><\/div>\n\n\t\t\t\t\t<\/div>\n\t\t\t\t<\/div><\/div><\/div><div class=\"fusion-fullwidth fullwidth-box nonhundred-percent-fullwidth non-hundred-percent-height-scrolling fusion-equal-height-columns\"  style='background-color: rgba(255,255,255,0);background-position: center center;background-repeat: no-repeat;padding-top:0px;padding-right:0px;padding-bottom:0px;padding-left:0px;'><div class=\"fusion-builder-row fusion-row \"><div  class=\"fusion-layout-column fusion_builder_column fusion_builder_column_1_1  fusion-one-full fusion-column-first fusion-column-last 1_1\"  style='margin-top:0px;margin-bottom:20px;'>\n\t\t\t\t\t<div class=\"fusion-column-wrapper\" style=\"padding: 0px 0px 0px 0px;background-position:left top;background-repeat:no-repeat;-webkit-background-size:cover;-moz-background-size:cover;-o-background-size:cover;background-size:cover;\"  data-bg-url=\"\">\n\t\t\t\t\t\t<div class=\"fusion-column-content-centered\"><div class=\"fusion-column-content\"><span style=\"-moz-box-shadow: 2px 3px 7px rgba(0,0,0,.3);-webkit-box-shadow: 2px 3px 7px rgba(0,0,0,.3);box-shadow: 2px 3px 7px rgba(0,0,0,.3);\" class=\"fusion-imageframe imageframe-dropshadow imageframe-1 hover-type-none\"><a href=\"http:\/\/www.espacocatavento.com.br\/novosite\/wp-content\/uploads\/2018\/11\/BLF_002_1.jpg\" class=\"fusion-lightbox\" data-rel=\"iLightbox[sobre]\" data-title=\"Espa\u00e7o Catavento\" title=\"Espa\u00e7o Catavento\"><img loading=\"lazy\" decoding=\"async\" src=\"http:\/\/www.espacocatavento.com.br\/novosite\/wp-content\/uploads\/2018\/11\/BLF_002_1.jpg\" width=\"1200\" height=\"800\" alt=\"\" class=\"img-responsive wp-image-22984\" srcset=\"https:\/\/www.espacocatavento.com.br\/novosite\/wp-content\/uploads\/2018\/11\/BLF_002_1-200x133.jpg 200w, https:\/\/www.espacocatavento.com.br\/novosite\/wp-content\/uploads\/2018\/11\/BLF_002_1-400x267.jpg 400w, https:\/\/www.espacocatavento.com.br\/novosite\/wp-content\/uploads\/2018\/11\/BLF_002_1-600x400.jpg 600w, https:\/\/www.espacocatavento.com.br\/novosite\/wp-content\/uploads\/2018\/11\/BLF_002_1-800x533.jpg 800w, https:\/\/www.espacocatavento.com.br\/novosite\/wp-content\/uploads\/2018\/11\/BLF_002_1.jpg 1200w\" sizes=\"auto, (max-width: 800px) 100vw, 1200px\" \/><\/a><\/span><\/div><\/div><div class=\"fusion-clearfix\"><\/div>\n\n\t\t\t\t\t<\/div>\n\t\t\t\t<\/div><\/div><\/div><div class=\"fusion-fullwidth fullwidth-box nonhundred-percent-fullwidth non-hundred-percent-height-scrolling\"  style='background-color: rgba(255,255,255,0);background-position: center center;background-repeat: no-repeat;padding-top:31px;padding-right:0px;padding-bottom:0px;padding-left:0px;'><div class=\"fusion-builder-row fusion-row \"><div  class=\"fusion-layout-column fusion_builder_column fusion_builder_column_1_1  fusion-one-full fusion-column-first fusion-column-last 1_1\"  style='margin-top:0px;margin-bottom:20px;'>\n\t\t\t\t\t<div class=\"fusion-column-wrapper\" style=\"padding: 0px 0px 0px 0px;background-position:left top;background-repeat:no-repeat;-webkit-background-size:cover;-moz-background-size:cover;-o-background-size:cover;background-size:cover;\"  data-bg-url=\"\">\n\t\t\t\t\t\t<div class=\"fusion-title title fusion-sep-none fusion-title-size-five\" style=\"margin-top:0px;margin-bottom:10px;\"><h5 class=\"title-heading-left\"><span style=\"color: #30af6c;\">&#8220;Propor diferentes pr\u00e1ticas no cotidiano escolar \u00e9 olhar e escutar a crian\u00e7a em sua integralidade.\u201d<\/span><\/h5><\/div><div class=\"fusion-text\"><p>Em 7000 m\u00b2, alunos do Ber\u00e7\u00e1rio ao 5\u00ba ano do Ensino Fundamental aprendem as leis da matem\u00e1tica e da preserva\u00e7\u00e3o do meio ambiente; conhecem as diferentes linguagens e os limites do corpo atrav\u00e9s da explora\u00e7\u00e3o do espa\u00e7o.<\/p>\n<p>Nossas crian\u00e7as leem o mundo de forma cr\u00edtica e criativa, construindo o saber a partir da experi\u00eancia, atrav\u00e9s da pedagogia de projetos e da interdisciplinaridade.<\/p>\n<p>Desde 1981 a <span style=\"color: #30af6c;\">CATAVENTO<\/span> pesquisa e aprofunda num caminho democr\u00e1tico e eficiente para educar a crian\u00e7a como ser intelectual e social, para formar cidad\u00e3os capazes de refletir e transformar a partir de um aprendizado significativo e consistente.<\/p>\n<\/div><div class=\"fusion-clearfix\"><\/div>\n\n\t\t\t\t\t<\/div>\n\t\t\t\t<\/div><\/div><\/div><\/p>\n","protected":false},"excerpt":{"rendered":"","protected":false},"author":1,"featured_media":0,"parent":199,"menu_order":0,"comment_status":"closed","ping_status":"closed","template":"","meta":{"footnotes":""},"class_list":["post-201","page","type-page","status-publish","hentry"],"_links":{"self":[{"href":"https:\/\/www.espacocatavento.com.br\/novosite\/wp-json\/wp\/v2\/pages\/201","targetHints":{"allow":["GET"]}}],"collection":[{"href":"https:\/\/www.espacocatavento.com.br\/novosite\/wp-json\/wp\/v2\/pages"}],"about":[{"href":"https:\/\/www.espacocatavento.com.br\/novosite\/wp-json\/wp\/v2\/types\/page"}],"author":[{"embeddable":true,"href":"https:\/\/www.espacocatavento.com.br\/novosite\/wp-json\/wp\/v2\/users\/1"}],"replies":[{"embeddable":true,"href":"https:\/\/www.espacocatavento.com.br\/novosite\/wp-json\/wp\/v2\/comments?post=201"}],"version-history":[{"count":56,"href":"https:\/\/www.espacocatavento.com.br\/novosite\/wp-json\/wp\/v2\/pages\/201\/revisions"}],"predecessor-version":[{"id":23043,"href":"https:\/\/www.espacocatavento.com.br\/novosite\/wp-json\/wp\/v2\/pages\/201\/revisions\/23043"}],"up":[{"embeddable":true,"href":"https:\/\/www.espacocatavento.com.br\/novosite\/wp-json\/wp\/v2\/pages\/199"}],"wp:attachment":[{"href":"https:\/\/www.espacocatavento.com.br\/novosite\/wp-json\/wp\/v2\/media?parent=201"}],"curies":[{"name":"wp","href":"https:\/\/api.w.org\/{rel}","templated":true}]}}